{"id":1121,"date":"2018-04-02T08:10:05","date_gmt":"2018-04-02T08:10:05","guid":{"rendered":"http:\/\/goldenmed.vn\/product\/oxytocin-inj\/"},"modified":"2018-04-02T08:18:59","modified_gmt":"2018-04-02T08:18:59","slug":"oxytocin-inj","status":"publish","type":"product","link":"http:\/\/goldenmed.vn\/vi\/product\/oxytocin-inj\/","title":{"rendered":"OXYTOCIN \u2013 INJ"},"content":{"rendered":"<p>K\u00edch th\u00edch t\u1eed cung co b\u00f3p \u0111\u1ec3 th\u00fac \u0111\u1ebb, t\u0103ng co b\u00f3p \u0111\u1ec3 \u0111\u1ea9y c\u00e1c ch\u1ea5t d\u01a1 ho\u1eb7c \u1ed5 vi\u00eam h\u00f3a m\u1ee7 trong t\u1eed cung ra ngo\u00e0i. Tr\u1ecb x\u00f3t nhau, k\u00edch th\u00edch ti\u1ebft s\u1eefa \u1edf tr\u00e2u, b\u00f2, ng\u1ef1a, heo, d\u00ea, c\u1eebu, ch\u00f3, m\u00e8o.<\/p>\n","protected":false},"excerpt":{"rendered":"<p>K\u00edch th\u00edch t\u1eed cung co b\u00f3p \u0111\u1ec3 th\u00fac \u0111\u1ebb, t\u0103ng co b\u00f3p \u0111\u1ec3 \u0111\u1ea9y c\u00e1c ch\u1ea5t d\u01a1 ho\u1eb7c \u1ed5 vi\u00eam h\u00f3a m\u1ee7 trong t\u1eed cung ra ngo\u00e0i. Tr\u1ecb x\u00f3t nhau, k\u00edch th\u00edch ti\u1ebft s\u1eefa \u1edf tr\u00e2u, b\u00f2, ng\u1ef1a, heo, d\u00ea, c\u1eebu, ch\u00f3, m\u00e8o.<\/p>\n","protected":false},"featured_media":1626,"comment_status":"open","ping_status":"closed","template":"","meta":[],"product_cat":[33,76],"product_tag":[121],"class_list":{"0":"post-1121","1":"product","2":"type-product","3":"status-publish","4":"has-post-thumbnail","6":"product_cat-dieu-tiet-sinh-san","7":"product_cat-theo-danh-muc-san-pham","8":"product_tag-dd-tiem","10":"first","11":"instock","12":"shipping-taxable","13":"product-type-simple"},"_links":{"self":[{"href":"http:\/\/goldenmed.vn\/vi\/wp-json\/wp\/v2\/product\/1121"}],"collection":[{"href":"http:\/\/goldenmed.vn\/vi\/wp-json\/wp\/v2\/product"}],"about":[{"href":"http:\/\/goldenmed.vn\/vi\/wp-json\/wp\/v2\/types\/product"}],"replies":[{"embeddable":true,"href":"http:\/\/goldenmed.vn\/vi\/wp-json\/wp\/v2\/comments?post=1121"}],"wp:featuredmedia":[{"embeddable":true,"href":"http:\/\/goldenmed.vn\/vi\/wp-json\/wp\/v2\/media\/1626"}],"wp:attachment":[{"href":"http:\/\/goldenmed.vn\/vi\/wp-json\/wp\/v2\/media?parent=1121"}],"wp:term":[{"taxonomy":"product_cat","embeddable":true,"href":"http:\/\/goldenmed.vn\/vi\/wp-json\/wp\/v2\/product_cat?post=1121"},{"taxonomy":"product_tag","embeddable":true,"href":"http:\/\/goldenmed.vn\/vi\/wp-json\/wp\/v2\/product_tag?post=1121"}],"curies":[{"name":"wp","href":"https:\/\/api.w.org\/{rel}","templated":true}]}}