{"id":1360,"date":"2018-04-03T08:47:20","date_gmt":"2018-04-03T08:47:20","guid":{"rendered":"http:\/\/goldenmed.vn\/product\/thiazin\/"},"modified":"2018-04-03T08:49:57","modified_gmt":"2018-04-03T08:49:57","slug":"thiazin","status":"publish","type":"product","link":"http:\/\/goldenmed.vn\/vi\/product\/thiazin\/","title":{"rendered":"THIAZIN"},"content":{"rendered":"<p>Thu\u1ed1c l\u1ee3i ti\u1ec3u, kh\u00e1ng vi\u00eam, ch\u1ed1ng ph\u00f9 n\u1ec1 tr\u00ean tr\u00e2u, b\u00f2, ng\u1ef1a, d\u00ea, c\u1eebu, heo.<\/p>\n","protected":false},"excerpt":{"rendered":"<p>Thu\u1ed1c l\u1ee3i ti\u1ec3u, kh\u00e1ng vi\u00eam, ch\u1ed1ng ph\u00f9 n\u1ec1 tr\u00ean tr\u00e2u, b\u00f2, ng\u1ef1a, d\u00ea, c\u1eebu, heo.<\/p>\n","protected":false},"featured_media":2915,"comment_status":"open","ping_status":"closed","template":"","meta":[],"product_cat":[221],"product_tag":[121],"class_list":{"0":"post-1360","1":"product","2":"type-product","3":"status-publish","4":"has-post-thumbnail","6":"product_cat-uncategorized","7":"product_tag-dd-tiem","8":"pa_package-100ml-vi","10":"first","11":"instock","12":"shipping-taxable","13":"product-type-variable"},"_links":{"self":[{"href":"http:\/\/goldenmed.vn\/vi\/wp-json\/wp\/v2\/product\/1360"}],"collection":[{"href":"http:\/\/goldenmed.vn\/vi\/wp-json\/wp\/v2\/product"}],"about":[{"href":"http:\/\/goldenmed.vn\/vi\/wp-json\/wp\/v2\/types\/product"}],"replies":[{"embeddable":true,"href":"http:\/\/goldenmed.vn\/vi\/wp-json\/wp\/v2\/comments?post=1360"}],"wp:featuredmedia":[{"embeddable":true,"href":"http:\/\/goldenmed.vn\/vi\/wp-json\/wp\/v2\/media\/2915"}],"wp:attachment":[{"href":"http:\/\/goldenmed.vn\/vi\/wp-json\/wp\/v2\/media?parent=1360"}],"wp:term":[{"taxonomy":"product_cat","embeddable":true,"href":"http:\/\/goldenmed.vn\/vi\/wp-json\/wp\/v2\/product_cat?post=1360"},{"taxonomy":"product_tag","embeddable":true,"href":"http:\/\/goldenmed.vn\/vi\/wp-json\/wp\/v2\/product_tag?post=1360"}],"curies":[{"name":"wp","href":"https:\/\/api.w.org\/{rel}","templated":true}]}}