{"id":2327,"date":"2018-05-31T08:52:44","date_gmt":"2018-05-31T08:52:44","guid":{"rendered":"http:\/\/goldenmed.vn\/?post_type=product&#038;p=2327\/"},"modified":"2018-06-16T03:52:02","modified_gmt":"2018-06-16T03:52:02","slug":"b-complex","status":"publish","type":"product","link":"http:\/\/goldenmed.vn\/vi\/product\/b-complex\/","title":{"rendered":"B. COMPLEX"},"content":{"rendered":"<ul>\n<li>K\u00edch th\u00edch t\u0103ng tr\u1ecdng cho gia s\u00fac, gia c\u1ea7m, tr\u1ee3 s\u1ee9c trong tr\u01b0\u1eddng h\u1ee3p th\u00fa b\u1ec7nh.<\/li>\n<li>Ph\u00f2ng tr\u1ecb trong c\u00e1c tr\u01b0\u1eddng h\u1ee3p thi\u1ebfu Vitamin nh\u00f3m B: B\u1ea1i li\u1ec7t, ph\u00f9 th\u1ee7ng\u2026. \u0110\u1eb7c bi\u1ec7t \u0111\u1ed1i v\u1edbi th\u00fa non: ch\u1ed1ng c\u00f2i c\u1ecdc, suy dinh d\u01b0\u1ee1ng, thi\u1ebfu m\u00e1u, x\u00f9 l\u00f4ng, k\u00edch th\u00edch ti\u00eau h\u00f3a.<\/li>\n<li>H\u1ed3i ph\u1ee5c c\u01a1 th\u1ec3 nhanh sau khi \u0111i\u1ec1u tr\u1ecb b\u1eb1ng kh\u00e1ng sinh<\/li>\n<li>Tr\u1ee3 s\u1ee9c, t\u0103ng l\u1ef1c, t\u0103ng s\u1ee9c \u0111\u1ec1 kh\u00e1ng, t\u0103ng t\u00ednh th\u00e8m \u0103n, t\u0103ng c\u01b0\u1eddng trao \u0111\u1ed5i ch\u1ea5t, gi\u00fap th\u00fa mau l\u1edbn, t\u0103ng kh\u1ea3 n\u0103ng sinh s\u1ea3n.<\/li>\n<\/ul>\n","protected":false},"excerpt":{"rendered":"<p>K\u00edch th\u00edch t\u0103ng tr\u1ecdng cho gia s\u00fac, gia c\u1ea7m, tr\u1ee3 s\u1ee9c trong tr\u01b0\u1eddng h\u1ee3p th\u00fa b\u1ec7nh. Ph\u00f2ng tr\u1ecb trong c\u00e1c tr\u01b0\u1eddng h\u1ee3p thi\u1ebfu Vitamin nh\u00f3m B: B\u1ea1i li\u1ec7t, ph\u00f9 th\u1ee7ng\u2026. \u0110\u1eb7c bi\u1ec7t \u0111\u1ed1i v\u1edbi th\u00fa non: ch\u1ed1ng c\u00f2i c\u1ecdc, suy dinh d\u01b0\u1ee1ng, thi\u1ebfu m\u00e1u, x\u00f9 l\u00f4ng, k\u00edch th\u00edch ti\u00eau h\u00f3a. H\u1ed3i ph\u1ee5c c\u01a1 th\u1ec3 nhanh [&hellip;]<\/p>\n","protected":false},"featured_media":2369,"comment_status":"open","ping_status":"closed","template":"","meta":[],"product_cat":[26,76],"product_tag":[121],"class_list":{"0":"post-2327","1":"product","2":"type-product","3":"status-publish","4":"has-post-thumbnail","6":"product_cat-dinh-duong-vitamin-premix","7":"product_cat-theo-danh-muc-san-pham","8":"product_tag-dd-tiem","9":"pa_package-100ml-vi","11":"first","12":"instock","13":"shipping-taxable","14":"product-type-variable"},"_links":{"self":[{"href":"http:\/\/goldenmed.vn\/vi\/wp-json\/wp\/v2\/product\/2327"}],"collection":[{"href":"http:\/\/goldenmed.vn\/vi\/wp-json\/wp\/v2\/product"}],"about":[{"href":"http:\/\/goldenmed.vn\/vi\/wp-json\/wp\/v2\/types\/product"}],"replies":[{"embeddable":true,"href":"http:\/\/goldenmed.vn\/vi\/wp-json\/wp\/v2\/comments?post=2327"}],"wp:featuredmedia":[{"embeddable":true,"href":"http:\/\/goldenmed.vn\/vi\/wp-json\/wp\/v2\/media\/2369"}],"wp:attachment":[{"href":"http:\/\/goldenmed.vn\/vi\/wp-json\/wp\/v2\/media?parent=2327"}],"wp:term":[{"taxonomy":"product_cat","embeddable":true,"href":"http:\/\/goldenmed.vn\/vi\/wp-json\/wp\/v2\/product_cat?post=2327"},{"taxonomy":"product_tag","embeddable":true,"href":"http:\/\/goldenmed.vn\/vi\/wp-json\/wp\/v2\/product_tag?post=2327"}],"curies":[{"name":"wp","href":"https:\/\/api.w.org\/{rel}","templated":true}]}}