{"id":2363,"date":"2018-04-19T07:09:07","date_gmt":"2018-04-19T07:09:07","guid":{"rendered":"http:\/\/goldenmed.vn\/product\/gluco-k-c\/"},"modified":"2018-06-16T03:38:56","modified_gmt":"2018-06-16T03:38:56","slug":"gluco-k-c","status":"publish","type":"product","link":"http:\/\/goldenmed.vn\/vi\/product\/gluco-k-c\/","title":{"rendered":"GLUCO \u2013 K \u2013 C"},"content":{"rendered":"<p>GLUCO-K-C \u0111\u00e1p \u1ee9ng c\u00e1c nhu c\u1ea7u v\u1ec1 vitamin, acid amin v\u00e0 c\u00e1c ch\u1ea5t \u0111i\u1ec7n gi\u1ea3i c\u1ea7n thi\u1ebft cho c\u01a1 th\u1ec3, gi\u00fap cho gia s\u00fac, gia c\u1ea7m n\u00e2ng cao s\u1ee9c \u0111\u1ec1 kh\u00e1ng, gi\u1ea3i \u0111\u1ed9c, ch\u1ed1ng ch\u1ecbu b\u1ec7nh t\u1eadt.<\/p>\n<p>H\u00f4\u0303 tr\u01a1\u0323 hi\u00ea\u0323u qua\u0309 trong \u0111i\u00ea\u0300u tri\u0323 b\u00ea\u0323nh Gumboro, Newcastle, cu\u0301m, PRRS (heo tai xanh), \u00a0ph\u1ee5c h\u1ed3i s\u1ee9c kh\u1ecfe nhanh sau th\u1eddi gian \u0111i\u1ec1u tr\u1ecb b\u1ec7nh.<\/p>\n<p>B\u1ed5 sung C v\u00e0 K trong tr\u01b0\u1eddng h\u1ee3p thi\u1ebfu C v\u00e0 K trong th\u1ee9c \u0103n g\u00e2y t\u1ed5n th\u01b0\u01a1ng \u0111\u01b0\u1eddng ru\u1ed9t, xu\u1ea5t huy\u1ebft d\u01b0\u1edbi da, c\u01a1 m\u00e0o b\u1ecb t\u00edm t\u00e1i.<\/p>\n<p>T\u0103ng c\u01b0\u1eddng kh\u1ea3 n\u0103ng h\u1ea5p thu v\u00e0 ti\u00eau h\u00f3a th\u1ee9c \u0103n, kh\u1ea3 n\u0103ng sinh tr\u01b0\u1edfng v\u00e0 trao \u0111\u1ed5i ch\u1ea5t, gia t\u0103ng t\u1ef7 l\u1ec7 s\u1ed1ng.<\/p>\n","protected":false},"excerpt":{"rendered":"<p>GLUCO-K-C \u0111\u00e1p \u1ee9ng c\u00e1c nhu c\u1ea7u v\u1ec1 vitamin, acid amin v\u00e0 c\u00e1c ch\u1ea5t \u0111i\u1ec7n gi\u1ea3i c\u1ea7n thi\u1ebft cho c\u01a1 th\u1ec3, gi\u00fap cho gia s\u00fac, gia c\u1ea7m n\u00e2ng cao s\u1ee9c \u0111\u1ec1 kh\u00e1ng, gi\u1ea3i \u0111\u1ed9c, ch\u1ed1ng ch\u1ecbu b\u1ec7nh t\u1eadt. H\u00f4\u0303 tr\u01a1\u0323 hi\u00ea\u0323u qua\u0309 trong \u0111i\u00ea\u0300u tri\u0323 b\u00ea\u0323nh Gumboro, Newcastle, cu\u0301m, PRRS (heo tai xanh), \u00a0ph\u1ee5c h\u1ed3i s\u1ee9c [&hellip;]<\/p>\n","protected":false},"featured_media":2264,"comment_status":"open","ping_status":"closed","template":"","meta":[],"product_cat":[26,76],"product_tag":[138],"class_list":{"0":"post-2363","1":"product","2":"type-product","3":"status-publish","4":"has-post-thumbnail","6":"product_cat-dinh-duong-vitamin-premix","7":"product_cat-theo-danh-muc-san-pham","8":"product_tag-bot-hoa-tan","9":"pa_package-100g-vi","10":"pa_package-1kg","12":"first","13":"instock","14":"shipping-taxable","15":"product-type-variable"},"_links":{"self":[{"href":"http:\/\/goldenmed.vn\/vi\/wp-json\/wp\/v2\/product\/2363"}],"collection":[{"href":"http:\/\/goldenmed.vn\/vi\/wp-json\/wp\/v2\/product"}],"about":[{"href":"http:\/\/goldenmed.vn\/vi\/wp-json\/wp\/v2\/types\/product"}],"replies":[{"embeddable":true,"href":"http:\/\/goldenmed.vn\/vi\/wp-json\/wp\/v2\/comments?post=2363"}],"wp:featuredmedia":[{"embeddable":true,"href":"http:\/\/goldenmed.vn\/vi\/wp-json\/wp\/v2\/media\/2264"}],"wp:attachment":[{"href":"http:\/\/goldenmed.vn\/vi\/wp-json\/wp\/v2\/media?parent=2363"}],"wp:term":[{"taxonomy":"product_cat","embeddable":true,"href":"http:\/\/goldenmed.vn\/vi\/wp-json\/wp\/v2\/product_cat?post=2363"},{"taxonomy":"product_tag","embeddable":true,"href":"http:\/\/goldenmed.vn\/vi\/wp-json\/wp\/v2\/product_tag?post=2363"}],"curies":[{"name":"wp","href":"https:\/\/api.w.org\/{rel}","templated":true}]}}