{"id":2424,"date":"2018-06-25T09:12:55","date_gmt":"2018-06-25T09:12:55","guid":{"rendered":"http:\/\/goldenmed.vn\/?post_type=product&#038;p=2424\/"},"modified":"2018-06-25T09:16:40","modified_gmt":"2018-06-25T09:16:40","slug":"erytracin-b1-2","status":"publish","type":"product","link":"http:\/\/goldenmed.vn\/vi\/product\/erytracin-b1-2\/","title":{"rendered":"ERYTRACIN B1.2"},"content":{"rendered":"<p>Ph\u00f2ng v\u00e0 tr\u1ecb b\u1ec7nh h\u00f4 h\u1ea5p v\u00e0 ti\u00eau h\u00f3a cho gia c\u1ea7m trong giai \u0111o\u1ea1n \u00fam nh\u01b0:<\/p>\n<p>Gia c\u1ea7m:<\/p>\n<ul>\n<li>Vi\u00eam h\u00f4 h\u1ea5p m\u00e3n t\u00ednh (CRD), vi\u00eam xoang, vi\u00eam ph\u1ed5i, b\u1ec7nh s\u1ed1t t\u1eebng c\u01a1n \u1edf gia c\u1ea7m.<\/li>\n<li>Kh\u00f4 ch\u00e2n, li\u1ec7t ch\u00e2n, s\u01b0ng kh\u1edbp.<\/li>\n<li>Ti\u00eau ch\u1ea3y, vi\u00eam ru\u1ed9t, vi\u00eam r\u1ed1n, l\u00f2ng \u0111\u1ecf ch\u1eadm ti\u00eau trong giai \u0111o\u1ea1n \u00fam.<\/li>\n<\/ul>\n<p>Tr\u00e2u, b\u00f2, heo: vi\u00eam kh\u1edbp, vi\u00eam ph\u1ed5i, vi\u00eam ru\u1ed9t truy\u1ec1n nhi\u1ec5m, \u0111\u1eb7c tr\u1ecb ti\u00eau ch\u1ea3y \u1edf th\u00fa s\u01a1 sinh.<\/p>\n","protected":false},"excerpt":{"rendered":"<p>Ph\u00f2ng v\u00e0 tr\u1ecb b\u1ec7nh h\u00f4 h\u1ea5p v\u00e0 ti\u00eau h\u00f3a cho gia c\u1ea7m trong giai \u0111o\u1ea1n \u00fam nh\u01b0: Gia c\u1ea7m: Vi\u00eam h\u00f4 h\u1ea5p m\u00e3n t\u00ednh (CRD), vi\u00eam xoang, vi\u00eam ph\u1ed5i, b\u1ec7nh s\u1ed1t t\u1eebng c\u01a1n \u1edf gia c\u1ea7m. Kh\u00f4 ch\u00e2n, li\u1ec7t ch\u00e2n, s\u01b0ng kh\u1edbp. Ti\u00eau ch\u1ea3y, vi\u00eam ru\u1ed9t, vi\u00eam r\u1ed1n, l\u00f2ng \u0111\u1ecf ch\u1eadm ti\u00eau trong giai \u0111o\u1ea1n [&hellip;]<\/p>\n","protected":false},"featured_media":2428,"comment_status":"open","ping_status":"closed","template":"","meta":[],"product_cat":[76,25],"product_tag":[138],"class_list":{"0":"post-2424","1":"product","2":"type-product","3":"status-publish","4":"has-post-thumbnail","6":"product_cat-theo-danh-muc-san-pham","7":"product_cat-thuoc-khang-sinh","8":"product_tag-bot-hoa-tan","9":"pa_package-100ml-vi","11":"first","12":"instock","13":"shipping-taxable","14":"product-type-variable"},"_links":{"self":[{"href":"http:\/\/goldenmed.vn\/vi\/wp-json\/wp\/v2\/product\/2424"}],"collection":[{"href":"http:\/\/goldenmed.vn\/vi\/wp-json\/wp\/v2\/product"}],"about":[{"href":"http:\/\/goldenmed.vn\/vi\/wp-json\/wp\/v2\/types\/product"}],"replies":[{"embeddable":true,"href":"http:\/\/goldenmed.vn\/vi\/wp-json\/wp\/v2\/comments?post=2424"}],"wp:featuredmedia":[{"embeddable":true,"href":"http:\/\/goldenmed.vn\/vi\/wp-json\/wp\/v2\/media\/2428"}],"wp:attachment":[{"href":"http:\/\/goldenmed.vn\/vi\/wp-json\/wp\/v2\/media?parent=2424"}],"wp:term":[{"taxonomy":"product_cat","embeddable":true,"href":"http:\/\/goldenmed.vn\/vi\/wp-json\/wp\/v2\/product_cat?post=2424"},{"taxonomy":"product_tag","embeddable":true,"href":"http:\/\/goldenmed.vn\/vi\/wp-json\/wp\/v2\/product_tag?post=2424"}],"curies":[{"name":"wp","href":"https:\/\/api.w.org\/{rel}","templated":true}]}}