{"id":2443,"date":"2018-06-25T13:38:01","date_gmt":"2018-06-25T13:38:01","guid":{"rendered":"http:\/\/goldenmed.vn\/?post_type=product&#038;p=2443\/"},"modified":"2018-06-26T07:31:13","modified_gmt":"2018-06-26T07:31:13","slug":"analgin","status":"publish","type":"product","link":"http:\/\/goldenmed.vn\/vi\/product\/analgin\/","title":{"rendered":"ANALGIN"},"content":{"rendered":"<p>H\u1ea1 s\u1ed1t, gi\u1ea3i nhi\u1ec7t.<\/p>\n<p>Gi\u1ea3m \u0111au trong tr\u01b0\u1eddng h\u1ee3p:<\/p>\n<ul>\n<li>\u0110au do ch\u1ea5n th\u01b0\u01a1ng.<\/li>\n<li>Ch\u1eefa \u0111au b\u1ee5ng co th\u1eaft, \u0111\u1ea7y h\u01a1i, co th\u1eaft th\u1ef1c qu\u1ea3n.<\/li>\n<li>Tr\u1ea5n t\u0129nh gia s\u00fac l\u00fac th\u1ee5t r\u1eeda ru\u1ed9t, d\u1ea1 d\u00e0y, th\u1ef1c qu\u1ea3n.<\/li>\n<li>\u0110au kh\u1edbp, \u0111au c\u01a1 do tr\u1eadt kh\u1edbp, vi\u00eam kh\u1edbp, bong g\u00e2n.<\/li>\n<\/ul>\n","protected":false},"excerpt":{"rendered":"<p>H\u1ea1 s\u1ed1t, gi\u1ea3i nhi\u1ec7t. Gi\u1ea3m \u0111au trong tr\u01b0\u1eddng h\u1ee3p: \u0110au do ch\u1ea5n th\u01b0\u01a1ng. Ch\u1eefa \u0111au b\u1ee5ng co th\u1eaft, \u0111\u1ea7y h\u01a1i, co th\u1eaft th\u1ef1c qu\u1ea3n. Tr\u1ea5n t\u0129nh gia s\u00fac l\u00fac th\u1ee5t r\u1eeda ru\u1ed9t, d\u1ea1 d\u00e0y, th\u1ef1c qu\u1ea3n. \u0110au kh\u1edbp, \u0111au c\u01a1 do tr\u1eadt kh\u1edbp, vi\u00eam kh\u1edbp, bong g\u00e2n.<\/p>\n","protected":false},"featured_media":2605,"comment_status":"open","ping_status":"closed","template":"","meta":[],"product_cat":[30,76],"product_tag":[121],"class_list":{"0":"post-2443","1":"product","2":"type-product","3":"status-publish","4":"has-post-thumbnail","6":"product_cat-ha-sot-giam-dau-khang-viem","7":"product_cat-theo-danh-muc-san-pham","8":"product_tag-dd-tiem","9":"pa_package-100ml-vi","11":"first","12":"instock","13":"shipping-taxable","14":"product-type-variable"},"_links":{"self":[{"href":"http:\/\/goldenmed.vn\/vi\/wp-json\/wp\/v2\/product\/2443"}],"collection":[{"href":"http:\/\/goldenmed.vn\/vi\/wp-json\/wp\/v2\/product"}],"about":[{"href":"http:\/\/goldenmed.vn\/vi\/wp-json\/wp\/v2\/types\/product"}],"replies":[{"embeddable":true,"href":"http:\/\/goldenmed.vn\/vi\/wp-json\/wp\/v2\/comments?post=2443"}],"wp:featuredmedia":[{"embeddable":true,"href":"http:\/\/goldenmed.vn\/vi\/wp-json\/wp\/v2\/media\/2605"}],"wp:attachment":[{"href":"http:\/\/goldenmed.vn\/vi\/wp-json\/wp\/v2\/media?parent=2443"}],"wp:term":[{"taxonomy":"product_cat","embeddable":true,"href":"http:\/\/goldenmed.vn\/vi\/wp-json\/wp\/v2\/product_cat?post=2443"},{"taxonomy":"product_tag","embeddable":true,"href":"http:\/\/goldenmed.vn\/vi\/wp-json\/wp\/v2\/product_tag?post=2443"}],"curies":[{"name":"wp","href":"https:\/\/api.w.org\/{rel}","templated":true}]}}