{"id":2452,"date":"2018-04-10T09:06:53","date_gmt":"2018-04-10T09:06:53","guid":{"rendered":"http:\/\/goldenmed.vn\/product\/diaxalin\/"},"modified":"2018-06-25T14:09:25","modified_gmt":"2018-06-25T14:09:25","slug":"diaxalin","status":"publish","type":"product","link":"http:\/\/goldenmed.vn\/vi\/product\/diaxalin\/","title":{"rendered":"DIAXALIN"},"content":{"rendered":"<p>Tr\u1ecb c\u1ea7u tr\u00f9ng, nhi\u1ec5m tr\u00f9ng \u0111\u01b0\u1eddng ti\u00eau h\u00f3a, ti\u00eau ch\u1ea3y, vi\u00eam ru\u1ed9t ho\u1ea1i t\u1eed, l\u1ef5.<\/p>\n","protected":false},"excerpt":{"rendered":"<p>Tr\u1ecb c\u1ea7u tr\u00f9ng, nhi\u1ec5m tr\u00f9ng \u0111\u01b0\u1eddng ti\u00eau h\u00f3a, ti\u00eau ch\u1ea3y, vi\u00eam ru\u1ed9t ho\u1ea1i t\u1eed, l\u1ef5.<\/p>\n","protected":false},"featured_media":2295,"comment_status":"open","ping_status":"closed","template":"","meta":[],"product_cat":[32,76],"product_tag":[138],"class_list":{"0":"post-2452","1":"product","2":"type-product","3":"status-publish","4":"has-post-thumbnail","6":"product_cat-diet-ky-sinh-trung-cau-trung-nam-con-trung","7":"product_cat-theo-danh-muc-san-pham","8":"product_tag-bot-hoa-tan","9":"pa_package-100g-vi","10":"pa_package-1kg","12":"first","13":"instock","14":"shipping-taxable","15":"product-type-variable"},"_links":{"self":[{"href":"http:\/\/goldenmed.vn\/vi\/wp-json\/wp\/v2\/product\/2452"}],"collection":[{"href":"http:\/\/goldenmed.vn\/vi\/wp-json\/wp\/v2\/product"}],"about":[{"href":"http:\/\/goldenmed.vn\/vi\/wp-json\/wp\/v2\/types\/product"}],"replies":[{"embeddable":true,"href":"http:\/\/goldenmed.vn\/vi\/wp-json\/wp\/v2\/comments?post=2452"}],"wp:featuredmedia":[{"embeddable":true,"href":"http:\/\/goldenmed.vn\/vi\/wp-json\/wp\/v2\/media\/2295"}],"wp:attachment":[{"href":"http:\/\/goldenmed.vn\/vi\/wp-json\/wp\/v2\/media?parent=2452"}],"wp:term":[{"taxonomy":"product_cat","embeddable":true,"href":"http:\/\/goldenmed.vn\/vi\/wp-json\/wp\/v2\/product_cat?post=2452"},{"taxonomy":"product_tag","embeddable":true,"href":"http:\/\/goldenmed.vn\/vi\/wp-json\/wp\/v2\/product_tag?post=2452"}],"curies":[{"name":"wp","href":"https:\/\/api.w.org\/{rel}","templated":true}]}}