{"id":2460,"date":"2018-04-11T02:48:53","date_gmt":"2018-04-11T02:48:53","guid":{"rendered":"http:\/\/goldenmed.vn\/product\/anpar\/"},"modified":"2018-06-25T14:55:02","modified_gmt":"2018-06-25T14:55:02","slug":"anpar","status":"publish","type":"product","link":"http:\/\/goldenmed.vn\/vi\/product\/anpar\/","title":{"rendered":"ANPAR"},"content":{"rendered":"<ul>\n<li>Thu\u1ed1c di\u1ec7t n\u1ed9i k\u00fd sinh ph\u1ed5 r\u1ed9ng, di\u1ec7t c\u00e1c lo\u1ea1i giun k\u00fd sinh\u00a0\u1edf d\u1ea1 d\u00e0y, ru\u1ed9t v\u00e0 ph\u1ed5i<\/li>\n<li>Thu\u1ed1c c\u00f3 t\u00e1c d\u1ee5ng di\u1ec7t c\u1ea3 c\u00e1c lo\u1ea1i s\u00e1n d\u00e2y,\u00a0\u1ea5u tr\u00f9ng v\u00e0 s\u00e1n l\u00e1 gan tr\u01b0\u1edfng th\u00e0nh, s\u00e1n l\u00e1 d\u1ea1 c\u1ecf.<\/li>\n<\/ul>\n","protected":false},"excerpt":{"rendered":"<p>Thu\u1ed1c di\u1ec7t n\u1ed9i k\u00fd sinh ph\u1ed5 r\u1ed9ng, di\u1ec7t c\u00e1c lo\u1ea1i giun k\u00fd sinh\u00a0\u1edf d\u1ea1 d\u00e0y, ru\u1ed9t v\u00e0 ph\u1ed5i Thu\u1ed1c c\u00f3 t\u00e1c d\u1ee5ng di\u1ec7t c\u1ea3 c\u00e1c lo\u1ea1i s\u00e1n d\u00e2y,\u00a0\u1ea5u tr\u00f9ng v\u00e0 s\u00e1n l\u00e1 gan tr\u01b0\u1edfng th\u00e0nh, s\u00e1n l\u00e1 d\u1ea1 c\u1ecf.<\/p>\n","protected":false},"featured_media":2880,"comment_status":"open","ping_status":"closed","template":"","meta":[],"product_cat":[32,76],"product_tag":[132],"class_list":{"0":"post-2460","1":"product","2":"type-product","3":"status-publish","4":"has-post-thumbnail","6":"product_cat-diet-ky-sinh-trung-cau-trung-nam-con-trung","7":"product_cat-theo-danh-muc-san-pham","8":"product_tag-hon-dich-uong","9":"pa_package-1l-vi","11":"first","12":"instock","13":"shipping-taxable","14":"product-type-variable"},"_links":{"self":[{"href":"http:\/\/goldenmed.vn\/vi\/wp-json\/wp\/v2\/product\/2460"}],"collection":[{"href":"http:\/\/goldenmed.vn\/vi\/wp-json\/wp\/v2\/product"}],"about":[{"href":"http:\/\/goldenmed.vn\/vi\/wp-json\/wp\/v2\/types\/product"}],"replies":[{"embeddable":true,"href":"http:\/\/goldenmed.vn\/vi\/wp-json\/wp\/v2\/comments?post=2460"}],"wp:featuredmedia":[{"embeddable":true,"href":"http:\/\/goldenmed.vn\/vi\/wp-json\/wp\/v2\/media\/2880"}],"wp:attachment":[{"href":"http:\/\/goldenmed.vn\/vi\/wp-json\/wp\/v2\/media?parent=2460"}],"wp:term":[{"taxonomy":"product_cat","embeddable":true,"href":"http:\/\/goldenmed.vn\/vi\/wp-json\/wp\/v2\/product_cat?post=2460"},{"taxonomy":"product_tag","embeddable":true,"href":"http:\/\/goldenmed.vn\/vi\/wp-json\/wp\/v2\/product_tag?post=2460"}],"curies":[{"name":"wp","href":"https:\/\/api.w.org\/{rel}","templated":true}]}}