{"id":2468,"date":"2018-06-25T15:17:52","date_gmt":"2018-06-25T15:17:52","guid":{"rendered":"http:\/\/goldenmed.vn\/?post_type=product&#038;p=2468\/"},"modified":"2018-06-25T15:21:43","modified_gmt":"2018-06-25T15:21:43","slug":"toltra-cox-500-gia-suc","status":"publish","type":"product","link":"http:\/\/goldenmed.vn\/vi\/product\/toltra-cox-500-gia-suc\/","title":{"rendered":"TOLTRA &#8211; COX 500 (Gia s\u00fac)"},"content":{"rendered":"<p><strong>Ph\u00f2ng ng\u1eeba v\u00e0 \u0111i\u1ec1u tr\u1ecb b\u1ec7nh c\u1ea7u tr\u00f9ng.<\/strong><\/p>\n<p><strong> \u01afu \u0111i\u1ec3m: di\u1ec7t \u0111\u01b0\u1ee3c t\u1ea5t c\u1ea3 c\u00e1c giai \u0111o\u1ea1n ph\u00e1t tri\u1ec3n c\u1ee7a c\u1ea7u tr\u00f9ng.<\/strong><\/p>\n<p>(Khi b\u1ecb b\u1ec7nh c\u1ea7u tr\u00f9ng v\u1eadt nu\u00f4i ti\u00eau ch\u1ea3y ph\u00e2n l\u1ecfng, ph\u00e2n nh\u1edbt c\u00f3 m\u00e0u v\u00e0ng, v\u00e0ng x\u00e1m ho\u1eb7c v\u00f3n c\u1ee5c l\u1ed5n nh\u1ed5n l\u1eabn n\u01b0\u1edbc, con v\u1eadt \u1ee7 r\u0169, k\u00e9m \u0103n, l\u00f4ng x\u01a1 d\u1ef1ng ng\u01b0\u1ee3c, g\u1ea7y s\u00fat nhanh.)<\/p>\n<p>&nbsp;<\/p>\n","protected":false},"excerpt":{"rendered":"<p>Ph\u00f2ng ng\u1eeba v\u00e0 \u0111i\u1ec1u tr\u1ecb b\u1ec7nh c\u1ea7u tr\u00f9ng. \u01afu \u0111i\u1ec3m: di\u1ec7t \u0111\u01b0\u1ee3c t\u1ea5t c\u1ea3 c\u00e1c giai \u0111o\u1ea1n ph\u00e1t tri\u1ec3n c\u1ee7a c\u1ea7u tr\u00f9ng. (Khi b\u1ecb b\u1ec7nh c\u1ea7u tr\u00f9ng v\u1eadt nu\u00f4i ti\u00eau ch\u1ea3y ph\u00e2n l\u1ecfng, ph\u00e2n nh\u1edbt c\u00f3 m\u00e0u v\u00e0ng, v\u00e0ng x\u00e1m ho\u1eb7c v\u00f3n c\u1ee5c l\u1ed5n nh\u1ed5n l\u1eabn n\u01b0\u1edbc, con v\u1eadt \u1ee7 r\u0169, k\u00e9m \u0103n, l\u00f4ng x\u01a1 [&hellip;]<\/p>\n","protected":false},"featured_media":2471,"comment_status":"open","ping_status":"closed","template":"","meta":[],"product_cat":[32,76],"product_tag":[132],"class_list":{"0":"post-2468","1":"product","2":"type-product","3":"status-publish","4":"has-post-thumbnail","6":"product_cat-diet-ky-sinh-trung-cau-trung-nam-con-trung","7":"product_cat-theo-danh-muc-san-pham","8":"product_tag-hon-dich-uong","9":"pa_package-100ml-vi","10":"pa_package-1l-vi","12":"first","13":"instock","14":"shipping-taxable","15":"product-type-variable"},"_links":{"self":[{"href":"http:\/\/goldenmed.vn\/vi\/wp-json\/wp\/v2\/product\/2468"}],"collection":[{"href":"http:\/\/goldenmed.vn\/vi\/wp-json\/wp\/v2\/product"}],"about":[{"href":"http:\/\/goldenmed.vn\/vi\/wp-json\/wp\/v2\/types\/product"}],"replies":[{"embeddable":true,"href":"http:\/\/goldenmed.vn\/vi\/wp-json\/wp\/v2\/comments?post=2468"}],"wp:featuredmedia":[{"embeddable":true,"href":"http:\/\/goldenmed.vn\/vi\/wp-json\/wp\/v2\/media\/2471"}],"wp:attachment":[{"href":"http:\/\/goldenmed.vn\/vi\/wp-json\/wp\/v2\/media?parent=2468"}],"wp:term":[{"taxonomy":"product_cat","embeddable":true,"href":"http:\/\/goldenmed.vn\/vi\/wp-json\/wp\/v2\/product_cat?post=2468"},{"taxonomy":"product_tag","embeddable":true,"href":"http:\/\/goldenmed.vn\/vi\/wp-json\/wp\/v2\/product_tag?post=2468"}],"curies":[{"name":"wp","href":"https:\/\/api.w.org\/{rel}","templated":true}]}}