{"id":2480,"date":"2018-04-03T08:35:24","date_gmt":"2018-04-03T08:35:24","guid":{"rendered":"http:\/\/goldenmed.vn\/product\/thiavita\/"},"modified":"2018-06-25T15:45:08","modified_gmt":"2018-06-25T15:45:08","slug":"thiavita","status":"publish","type":"product","link":"http:\/\/goldenmed.vn\/vi\/product\/thiavita\/","title":{"rendered":"THIAVITA"},"content":{"rendered":"<p>Thu\u00f4\u0301c \u0111\u01b0\u01a1\u0323c du\u0300ng pho\u0300ng va\u0300 tri\u0323 b\u00ea\u0323nh thi\u00ea\u0301u vitamin B1:<\/p>\n<ul>\n<li>Ca\u0301c b\u00ea\u0323nh vi\u00eam d\u00e2y th\u00e2\u0300n kinh: ba\u0323i li\u00ea\u0323t, co gi\u1eadt, t\u00ea, y\u1ebfu c\u01a1, ph\u1ea3n x\u1ea1 k\u00e9m, phu\u0300 n\u00ea\u0300, suy nh\u01b0\u01a1\u0323c, r\u00f4\u0301i loa\u0323n th\u00e2\u0300n kinh \u01a1\u0309 gia su\u0301c, gia c\u00e2\u0300m.<\/li>\n<li>Ki\u0301ch thi\u0301ch ti\u0301nh the\u0300m \u0103n, t\u0103ng tr\u01b0\u01a1\u0309ng gia su\u0301c, gia c\u00e2\u0300m.<\/li>\n<li>Gia s\u00fac \u1ed1m, bi\u1ebfng \u0103n, ti\u00eau ho\u00e1 k\u00e9m, ch\u1eadm l\u1edbn, c\u00f2i c\u1ecdc.<\/li>\n<\/ul>\n","protected":false},"excerpt":{"rendered":"<p>Thu\u00f4\u0301c \u0111\u01b0\u01a1\u0323c du\u0300ng pho\u0300ng va\u0300 tri\u0323 b\u00ea\u0323nh thi\u00ea\u0301u vitamin B1: Ca\u0301c b\u00ea\u0323nh vi\u00eam d\u00e2y th\u00e2\u0300n kinh: ba\u0323i li\u00ea\u0323t, co gi\u1eadt, t\u00ea, y\u1ebfu c\u01a1, ph\u1ea3n x\u1ea1 k\u00e9m, phu\u0300 n\u00ea\u0300, suy nh\u01b0\u01a1\u0323c, r\u00f4\u0301i loa\u0323n th\u00e2\u0300n kinh \u01a1\u0309 gia su\u0301c, gia c\u00e2\u0300m. Ki\u0301ch thi\u0301ch ti\u0301nh the\u0300m \u0103n, t\u0103ng tr\u01b0\u01a1\u0309ng gia su\u0301c, gia c\u00e2\u0300m. Gia s\u00fac \u1ed1m, bi\u1ebfng \u0103n, [&hellip;]<\/p>\n","protected":false},"featured_media":2993,"comment_status":"open","ping_status":"closed","template":"","meta":[],"product_cat":[26,76],"product_tag":[121],"class_list":{"0":"post-2480","1":"product","2":"type-product","3":"status-publish","4":"has-post-thumbnail","6":"product_cat-dinh-duong-vitamin-premix","7":"product_cat-theo-danh-muc-san-pham","8":"product_tag-dd-tiem","9":"pa_package-100ml-vi","11":"first","12":"instock","13":"shipping-taxable","14":"product-type-variable"},"_links":{"self":[{"href":"http:\/\/goldenmed.vn\/vi\/wp-json\/wp\/v2\/product\/2480"}],"collection":[{"href":"http:\/\/goldenmed.vn\/vi\/wp-json\/wp\/v2\/product"}],"about":[{"href":"http:\/\/goldenmed.vn\/vi\/wp-json\/wp\/v2\/types\/product"}],"replies":[{"embeddable":true,"href":"http:\/\/goldenmed.vn\/vi\/wp-json\/wp\/v2\/comments?post=2480"}],"wp:featuredmedia":[{"embeddable":true,"href":"http:\/\/goldenmed.vn\/vi\/wp-json\/wp\/v2\/media\/2993"}],"wp:attachment":[{"href":"http:\/\/goldenmed.vn\/vi\/wp-json\/wp\/v2\/media?parent=2480"}],"wp:term":[{"taxonomy":"product_cat","embeddable":true,"href":"http:\/\/goldenmed.vn\/vi\/wp-json\/wp\/v2\/product_cat?post=2480"},{"taxonomy":"product_tag","embeddable":true,"href":"http:\/\/goldenmed.vn\/vi\/wp-json\/wp\/v2\/product_tag?post=2480"}],"curies":[{"name":"wp","href":"https:\/\/api.w.org\/{rel}","templated":true}]}}