{"id":2483,"date":"2018-06-25T15:51:35","date_gmt":"2018-06-25T15:51:35","guid":{"rendered":"http:\/\/goldenmed.vn\/?post_type=product&#038;p=2483\/"},"modified":"2018-06-26T07:28:55","modified_gmt":"2018-06-26T07:28:55","slug":"aminovital","status":"publish","type":"product","link":"http:\/\/goldenmed.vn\/vi\/product\/aminovital\/","title":{"rendered":"AMINOVITAL"},"content":{"rendered":"<ul>\n<li>Ph\u00f2ng v\u00e0 tr\u1ecb b\u1ec7nh do thi\u1ebfu h\u1ee5t dinh d\u01b0\u1ee1ng th\u01b0\u1eddng x\u1ea3y ra tr\u00ean gia s\u00fac, gia c\u1ea7m \u0111ang m\u1eafc b\u1ec7nh truy\u1ec1n nhi\u1ec5m hay nhi\u1ec5m k\u00fd sinh tr\u00f9ng, \u0111ang trong th\u1eddi k\u00ec t\u0103ng tr\u01b0\u1edfng hay c\u00f3 c\u01b0\u1eddng \u0111\u1ed9 s\u1ea3n xu\u1ea5t cao (cho tr\u1ee9ng, cho s\u1eefa) ho\u1eb7c \u0111ang h\u1ed3i ph\u1ee5c sau c\u00e1c b\u1ec7nh do nhi\u1ec5m vi khu\u1ea9n hay virus.<\/li>\n<li>T\u0103ng c\u01b0\u1eddng h\u1ec7 th\u1ed1ng mi\u1ec5n d\u1ecbch, t\u0103ng s\u1ee9c \u0111\u1ec1 kh\u00e1ng, ch\u1ed1ng stress.<\/li>\n<li>Gi\u00fap t\u0103ng tr\u01b0\u1edfng t\u1ed1t, gi\u1ea3m ti\u00eau t\u1ed1n th\u1ee9c \u0103n.<\/li>\n<li>C\u1ea3i thi\u1ec7n t\u1ec9 l\u1ec7 \u0111\u1ebb, t\u1ec9 l\u1ec7 \u1ea5p n\u1edf v\u00e0 t\u0103ng n\u0103ng su\u1ea5t tr\u1ee9ng tr\u00ean gia c\u1ea7m.<\/li>\n<\/ul>\n","protected":false},"excerpt":{"rendered":"<p>Ph\u00f2ng v\u00e0 tr\u1ecb b\u1ec7nh do thi\u1ebfu h\u1ee5t dinh d\u01b0\u1ee1ng th\u01b0\u1eddng x\u1ea3y ra tr\u00ean gia s\u00fac, gia c\u1ea7m \u0111ang m\u1eafc b\u1ec7nh truy\u1ec1n nhi\u1ec5m hay nhi\u1ec5m k\u00fd sinh tr\u00f9ng, \u0111ang trong th\u1eddi k\u00ec t\u0103ng tr\u01b0\u1edfng hay c\u00f3 c\u01b0\u1eddng \u0111\u1ed9 s\u1ea3n xu\u1ea5t cao (cho tr\u1ee9ng, cho s\u1eefa) ho\u1eb7c \u0111ang h\u1ed3i ph\u1ee5c sau c\u00e1c b\u1ec7nh do nhi\u1ec5m vi khu\u1ea9n [&hellip;]<\/p>\n","protected":false},"featured_media":2603,"comment_status":"open","ping_status":"closed","template":"","meta":[],"product_cat":[26,76],"product_tag":[125],"class_list":{"0":"post-2483","1":"product","2":"type-product","3":"status-publish","4":"has-post-thumbnail","6":"product_cat-dinh-duong-vitamin-premix","7":"product_cat-theo-danh-muc-san-pham","8":"product_tag-dd-uong","9":"pa_package-100ml-vi","10":"pa_package-1l-vi","12":"first","13":"instock","14":"shipping-taxable","15":"product-type-variable"},"_links":{"self":[{"href":"http:\/\/goldenmed.vn\/vi\/wp-json\/wp\/v2\/product\/2483"}],"collection":[{"href":"http:\/\/goldenmed.vn\/vi\/wp-json\/wp\/v2\/product"}],"about":[{"href":"http:\/\/goldenmed.vn\/vi\/wp-json\/wp\/v2\/types\/product"}],"replies":[{"embeddable":true,"href":"http:\/\/goldenmed.vn\/vi\/wp-json\/wp\/v2\/comments?post=2483"}],"wp:featuredmedia":[{"embeddable":true,"href":"http:\/\/goldenmed.vn\/vi\/wp-json\/wp\/v2\/media\/2603"}],"wp:attachment":[{"href":"http:\/\/goldenmed.vn\/vi\/wp-json\/wp\/v2\/media?parent=2483"}],"wp:term":[{"taxonomy":"product_cat","embeddable":true,"href":"http:\/\/goldenmed.vn\/vi\/wp-json\/wp\/v2\/product_cat?post=2483"},{"taxonomy":"product_tag","embeddable":true,"href":"http:\/\/goldenmed.vn\/vi\/wp-json\/wp\/v2\/product_tag?post=2483"}],"curies":[{"name":"wp","href":"https:\/\/api.w.org\/{rel}","templated":true}]}}