{"id":2490,"date":"2018-06-26T01:22:20","date_gmt":"2018-06-26T01:22:20","guid":{"rendered":"http:\/\/goldenmed.vn\/?post_type=product&#038;p=2490\/"},"modified":"2018-07-17T10:01:24","modified_gmt":"2018-07-17T03:01:24","slug":"eco-mineral-heo","status":"publish","type":"product","link":"http:\/\/goldenmed.vn\/vi\/product\/eco-mineral-heo\/","title":{"rendered":"ECO-MINERAL (Heo)"},"content":{"rendered":"<ul>\n<li>Ng\u0103n ng\u1eeba b\u1ec7nh thi\u1ebfu kho\u00e1ng \u1edf heo, c\u00f2i x\u01b0\u01a1ng, ch\u1ee9ng r\u1ee5ng l\u00f4ng v\u00e0 da bong tr\u00f3c, x\u00f9 x\u00ec.<\/li>\n<li>C\u1ea3i thi\u1ec7n t\u00ecnh tr\u1ea1ng n\u1ee9t m\u00f3ng, y\u1ebfu ch\u00e2n. Gi\u00fap c\u01a1 th\u1ec3 heo kh\u1ecfe m\u1ea1nh, mau l\u1edbn.<\/li>\n<li>Ng\u0103n ng\u1eeba ch\u1ee9ng b\u1ea1i li\u1ec7t \u1edf heo n\u00e1i ch\u1eefa v\u00e0 heo n\u00e1i nu\u00f4i con.<\/li>\n<\/ul>\n","protected":false},"excerpt":{"rendered":"<p>Ng\u0103n ng\u1eeba b\u1ec7nh thi\u1ebfu kho\u00e1ng \u1edf heo, c\u00f2i x\u01b0\u01a1ng, ch\u1ee9ng r\u1ee5ng l\u00f4ng v\u00e0 da bong tr\u00f3c, x\u00f9 x\u00ec. C\u1ea3i thi\u1ec7n t\u00ecnh tr\u1ea1ng n\u1ee9t m\u00f3ng, y\u1ebfu ch\u00e2n. Gi\u00fap c\u01a1 th\u1ec3 heo kh\u1ecfe m\u1ea1nh, mau l\u1edbn. Ng\u0103n ng\u1eeba ch\u1ee9ng b\u1ea1i li\u1ec7t \u1edf heo n\u00e1i ch\u1eefa v\u00e0 heo n\u00e1i nu\u00f4i con.<\/p>\n","protected":false},"featured_media":2639,"comment_status":"open","ping_status":"closed","template":"","meta":[],"product_cat":[26,76],"product_tag":[138],"class_list":{"0":"post-2490","1":"product","2":"type-product","3":"status-publish","4":"has-post-thumbnail","6":"product_cat-dinh-duong-vitamin-premix","7":"product_cat-theo-danh-muc-san-pham","8":"product_tag-bot-hoa-tan","9":"pa_package-100g-vi","10":"pa_package-1kg","12":"first","13":"instock","14":"shipping-taxable","15":"product-type-variable"},"_links":{"self":[{"href":"http:\/\/goldenmed.vn\/vi\/wp-json\/wp\/v2\/product\/2490"}],"collection":[{"href":"http:\/\/goldenmed.vn\/vi\/wp-json\/wp\/v2\/product"}],"about":[{"href":"http:\/\/goldenmed.vn\/vi\/wp-json\/wp\/v2\/types\/product"}],"replies":[{"embeddable":true,"href":"http:\/\/goldenmed.vn\/vi\/wp-json\/wp\/v2\/comments?post=2490"}],"wp:featuredmedia":[{"embeddable":true,"href":"http:\/\/goldenmed.vn\/vi\/wp-json\/wp\/v2\/media\/2639"}],"wp:attachment":[{"href":"http:\/\/goldenmed.vn\/vi\/wp-json\/wp\/v2\/media?parent=2490"}],"wp:term":[{"taxonomy":"product_cat","embeddable":true,"href":"http:\/\/goldenmed.vn\/vi\/wp-json\/wp\/v2\/product_cat?post=2490"},{"taxonomy":"product_tag","embeddable":true,"href":"http:\/\/goldenmed.vn\/vi\/wp-json\/wp\/v2\/product_tag?post=2490"}],"curies":[{"name":"wp","href":"https:\/\/api.w.org\/{rel}","templated":true}]}}