{"id":2495,"date":"2018-06-26T01:37:57","date_gmt":"2018-06-26T01:37:57","guid":{"rendered":"http:\/\/goldenmed.vn\/?post_type=product&#038;p=2495\/"},"modified":"2018-07-17T09:57:41","modified_gmt":"2018-07-17T02:57:41","slug":"eco-mineral-bo","status":"publish","type":"product","link":"http:\/\/goldenmed.vn\/vi\/product\/eco-mineral-bo\/","title":{"rendered":"ECO-MINERAL (B\u00f2)"},"content":{"rendered":"<ul>\n<li>Ph\u00f2ng thi\u1ebfu kho\u00e1ng g\u00e2y hi\u1ec7n t\u01b0\u1ee3ng s\u01b0ng kh\u1edbp, y\u1ebfu ch\u00e2n \u1edf b\u00f2 s\u1eefa cao s\u1ea3n.<\/li>\n<li>Gi\u00fap b\u00f2 s\u1eefa cho s\u1eefa nhi\u1ec1u v\u00e0 ch\u1ea5t l\u01b0\u1ee3ng s\u1eefa cao.<\/li>\n<li>Ng\u1eeba b\u1ec7nh b\u1ea1i li\u1ec7t tr\u01b0\u1edbc v\u00e0 sau khi sinh, b\u1ec7nh y\u1ebfu ch\u00e2n, x\u01b0\u01a1ng y\u1ebfu m\u1ea3nh v\u00e0 d\u1ec5 g\u00e3y \u1edf \u0111\u1ea1i gia s\u00fac.<\/li>\n<li>C\u1ea3i thi\u1ec7n t\u00ecnh tr\u1ea1ng da l\u00f4ng kh\u00f4, x\u01a1 x\u00e1c, vi\u00eam m\u00f3ng, vi\u00eam kh\u1edbp, thi\u1ebfu m\u00e1u do thi\u1ebfu kho\u00e1ng \u1edf b\u00f2, d\u00ea, c\u1eebu.<\/li>\n<\/ul>\n","protected":false},"excerpt":{"rendered":"<p>Ph\u00f2ng thi\u1ebfu kho\u00e1ng g\u00e2y hi\u1ec7n t\u01b0\u1ee3ng s\u01b0ng kh\u1edbp, y\u1ebfu ch\u00e2n \u1edf b\u00f2 s\u1eefa cao s\u1ea3n. Gi\u00fap b\u00f2 s\u1eefa cho s\u1eefa nhi\u1ec1u v\u00e0 ch\u1ea5t l\u01b0\u1ee3ng s\u1eefa cao. Ng\u1eeba b\u1ec7nh b\u1ea1i li\u1ec7t tr\u01b0\u1edbc v\u00e0 sau khi sinh, b\u1ec7nh y\u1ebfu ch\u00e2n, x\u01b0\u01a1ng y\u1ebfu m\u1ea3nh v\u00e0 d\u1ec5 g\u00e3y \u1edf \u0111\u1ea1i gia s\u00fac. C\u1ea3i thi\u1ec7n t\u00ecnh tr\u1ea1ng da l\u00f4ng kh\u00f4, [&hellip;]<\/p>\n","protected":false},"featured_media":2635,"comment_status":"open","ping_status":"closed","template":"","meta":[],"product_cat":[26,76],"product_tag":[138],"class_list":{"0":"post-2495","1":"product","2":"type-product","3":"status-publish","4":"has-post-thumbnail","6":"product_cat-dinh-duong-vitamin-premix","7":"product_cat-theo-danh-muc-san-pham","8":"product_tag-bot-hoa-tan","9":"pa_package-100g-vi","10":"pa_package-1kg","12":"first","13":"instock","14":"shipping-taxable","15":"product-type-variable"},"_links":{"self":[{"href":"http:\/\/goldenmed.vn\/vi\/wp-json\/wp\/v2\/product\/2495"}],"collection":[{"href":"http:\/\/goldenmed.vn\/vi\/wp-json\/wp\/v2\/product"}],"about":[{"href":"http:\/\/goldenmed.vn\/vi\/wp-json\/wp\/v2\/types\/product"}],"replies":[{"embeddable":true,"href":"http:\/\/goldenmed.vn\/vi\/wp-json\/wp\/v2\/comments?post=2495"}],"wp:featuredmedia":[{"embeddable":true,"href":"http:\/\/goldenmed.vn\/vi\/wp-json\/wp\/v2\/media\/2635"}],"wp:attachment":[{"href":"http:\/\/goldenmed.vn\/vi\/wp-json\/wp\/v2\/media?parent=2495"}],"wp:term":[{"taxonomy":"product_cat","embeddable":true,"href":"http:\/\/goldenmed.vn\/vi\/wp-json\/wp\/v2\/product_cat?post=2495"},{"taxonomy":"product_tag","embeddable":true,"href":"http:\/\/goldenmed.vn\/vi\/wp-json\/wp\/v2\/product_tag?post=2495"}],"curies":[{"name":"wp","href":"https:\/\/api.w.org\/{rel}","templated":true}]}}