{"id":2505,"date":"2018-06-26T01:49:30","date_gmt":"2018-06-26T01:49:30","guid":{"rendered":"http:\/\/goldenmed.vn\/?post_type=product&#038;p=2505\/"},"modified":"2018-07-17T10:16:07","modified_gmt":"2018-07-17T03:16:07","slug":"microfact-heo","status":"publish","type":"product","link":"http:\/\/goldenmed.vn\/vi\/product\/microfact-heo\/","title":{"rendered":"MICROFACT (Heo)"},"content":{"rendered":"<ul>\n<li>K\u00edch th\u00edch heo th\u00e8m \u0103n, t\u0103ng t\u00ednh ngon mi\u1ec7ng.<\/li>\n<li>K\u00edch th\u00edch t\u0103ng tr\u1ecdng nhanh, t\u0103ng t\u1ec9 l\u1ec7 \u0111\u1ed3ng \u0111\u1ec1u\/ l\u1ee9a.<\/li>\n<li>T\u0103ng t\u1ea1o n\u1ea1t, gi\u1ea3m m\u1ee1. T\u0103ng ph\u1ea9m ch\u1ea5t th\u1ecbt.<\/li>\n<li>Gi\u1ea3m ti\u00eau t\u1ed1n th\u1ee9c \u0103n.<\/li>\n<\/ul>\n","protected":false},"excerpt":{"rendered":"<p>K\u00edch th\u00edch heo th\u00e8m \u0103n, t\u0103ng t\u00ednh ngon mi\u1ec7ng. K\u00edch th\u00edch t\u0103ng tr\u1ecdng nhanh, t\u0103ng t\u1ec9 l\u1ec7 \u0111\u1ed3ng \u0111\u1ec1u\/ l\u1ee9a. T\u0103ng t\u1ea1o n\u1ea1t, gi\u1ea3m m\u1ee1. T\u0103ng ph\u1ea9m ch\u1ea5t th\u1ecbt. Gi\u1ea3m ti\u00eau t\u1ed1n th\u1ee9c \u0103n.<\/p>\n","protected":false},"featured_media":2651,"comment_status":"open","ping_status":"closed","template":"","meta":[],"product_cat":[26,76],"product_tag":[138],"class_list":{"0":"post-2505","1":"product","2":"type-product","3":"status-publish","4":"has-post-thumbnail","6":"product_cat-dinh-duong-vitamin-premix","7":"product_cat-theo-danh-muc-san-pham","8":"product_tag-bot-hoa-tan","9":"pa_package-100g-vi","10":"pa_package-1kg","12":"first","13":"instock","14":"shipping-taxable","15":"product-type-variable"},"_links":{"self":[{"href":"http:\/\/goldenmed.vn\/vi\/wp-json\/wp\/v2\/product\/2505"}],"collection":[{"href":"http:\/\/goldenmed.vn\/vi\/wp-json\/wp\/v2\/product"}],"about":[{"href":"http:\/\/goldenmed.vn\/vi\/wp-json\/wp\/v2\/types\/product"}],"replies":[{"embeddable":true,"href":"http:\/\/goldenmed.vn\/vi\/wp-json\/wp\/v2\/comments?post=2505"}],"wp:featuredmedia":[{"embeddable":true,"href":"http:\/\/goldenmed.vn\/vi\/wp-json\/wp\/v2\/media\/2651"}],"wp:attachment":[{"href":"http:\/\/goldenmed.vn\/vi\/wp-json\/wp\/v2\/media?parent=2505"}],"wp:term":[{"taxonomy":"product_cat","embeddable":true,"href":"http:\/\/goldenmed.vn\/vi\/wp-json\/wp\/v2\/product_cat?post=2505"},{"taxonomy":"product_tag","embeddable":true,"href":"http:\/\/goldenmed.vn\/vi\/wp-json\/wp\/v2\/product_tag?post=2505"}],"curies":[{"name":"wp","href":"https:\/\/api.w.org\/{rel}","templated":true}]}}