{"id":2511,"date":"2018-06-26T02:09:37","date_gmt":"2018-06-26T02:09:37","guid":{"rendered":"http:\/\/goldenmed.vn\/?post_type=product&#038;p=2511\/"},"modified":"2018-07-17T09:53:58","modified_gmt":"2018-07-17T02:53:58","slug":"microfact-bo","status":"publish","type":"product","link":"http:\/\/goldenmed.vn\/vi\/product\/microfact-bo\/","title":{"rendered":"MICROFACT (B\u00f2)"},"content":{"rendered":"<ul>\n<li>K\u00edch th\u00edch t\u0103ng tr\u1ecdng, gi\u00fap b\u00f2 th\u1ecbt l\u1edbn nhanh.<\/li>\n<li>Gi\u1ea3m ti\u00eau t\u1ed1n th\u1ee9c \u0103n.<\/li>\n<li>T\u0103ng ch\u1ea5t l\u01b0\u1ee3ng qu\u1ea7y th\u1ecbt.<\/li>\n<li>T\u0103ng kh\u1ea3 n\u0103ng ti\u00eau h\u00f3a v\u00e0 h\u1ea5p thu th\u1ee9c \u0103n \u1edf m\u1ee9c cao nh\u1ea5t.<\/li>\n<\/ul>\n","protected":false},"excerpt":{"rendered":"<p>K\u00edch th\u00edch t\u0103ng tr\u1ecdng, gi\u00fap b\u00f2 th\u1ecbt l\u1edbn nhanh. Gi\u1ea3m ti\u00eau t\u1ed1n th\u1ee9c \u0103n. T\u0103ng ch\u1ea5t l\u01b0\u1ee3ng qu\u1ea7y th\u1ecbt. T\u0103ng kh\u1ea3 n\u0103ng ti\u00eau h\u00f3a v\u00e0 h\u1ea5p thu th\u1ee9c \u0103n \u1edf m\u1ee9c cao nh\u1ea5t.<\/p>\n","protected":false},"featured_media":2647,"comment_status":"open","ping_status":"closed","template":"","meta":[],"product_cat":[26,76],"product_tag":[138],"class_list":{"0":"post-2511","1":"product","2":"type-product","3":"status-publish","4":"has-post-thumbnail","6":"product_cat-dinh-duong-vitamin-premix","7":"product_cat-theo-danh-muc-san-pham","8":"product_tag-bot-hoa-tan","9":"pa_package-100g-vi","10":"pa_package-1kg","12":"first","13":"instock","14":"shipping-taxable","15":"product-type-variable"},"_links":{"self":[{"href":"http:\/\/goldenmed.vn\/vi\/wp-json\/wp\/v2\/product\/2511"}],"collection":[{"href":"http:\/\/goldenmed.vn\/vi\/wp-json\/wp\/v2\/product"}],"about":[{"href":"http:\/\/goldenmed.vn\/vi\/wp-json\/wp\/v2\/types\/product"}],"replies":[{"embeddable":true,"href":"http:\/\/goldenmed.vn\/vi\/wp-json\/wp\/v2\/comments?post=2511"}],"wp:featuredmedia":[{"embeddable":true,"href":"http:\/\/goldenmed.vn\/vi\/wp-json\/wp\/v2\/media\/2647"}],"wp:attachment":[{"href":"http:\/\/goldenmed.vn\/vi\/wp-json\/wp\/v2\/media?parent=2511"}],"wp:term":[{"taxonomy":"product_cat","embeddable":true,"href":"http:\/\/goldenmed.vn\/vi\/wp-json\/wp\/v2\/product_cat?post=2511"},{"taxonomy":"product_tag","embeddable":true,"href":"http:\/\/goldenmed.vn\/vi\/wp-json\/wp\/v2\/product_tag?post=2511"}],"curies":[{"name":"wp","href":"https:\/\/api.w.org\/{rel}","templated":true}]}}