{"id":2516,"date":"2018-06-26T02:17:19","date_gmt":"2018-06-26T02:17:19","guid":{"rendered":"http:\/\/goldenmed.vn\/?post_type=product&#038;p=2516\/"},"modified":"2018-07-17T10:14:40","modified_gmt":"2018-07-17T03:14:40","slug":"microfact-gia-cam","status":"publish","type":"product","link":"http:\/\/goldenmed.vn\/vi\/product\/microfact-gia-cam\/","title":{"rendered":"MICROFACT (Gia c\u1ea7m)"},"content":{"rendered":"<p>Cung c\u1ea5p \u0111\u1ea7y \u0111\u1ee7 v\u00e0 c\u00e2n \u0111\u1ed1i c\u00e1c th\u00e0nh ph\u1ea7n dinh d\u01b0\u1ee1ng thi\u1ebft y\u1ebfu cho g\u00e0, v\u1ecbt, c\u00fat th\u1ecbt.<\/p>\n<p>K\u00edch th\u00edch t\u0103ng tr\u1ecdng nhanh, t\u0103ng ph\u1ea9m ch\u1ea5t th\u1ecbt (ch\u00e2n v\u00e0ng, da v\u00e0ng).<\/p>\n<p>Gi\u1ea3m ti\u00eau t\u1ed1n th\u1ee9c \u0103n<\/p>\n","protected":false},"excerpt":{"rendered":"<p>Cung c\u1ea5p \u0111\u1ea7y \u0111\u1ee7 v\u00e0 c\u00e2n \u0111\u1ed1i c\u00e1c th\u00e0nh ph\u1ea7n dinh d\u01b0\u1ee1ng thi\u1ebft y\u1ebfu cho g\u00e0, v\u1ecbt, c\u00fat th\u1ecbt. K\u00edch th\u00edch t\u0103ng tr\u1ecdng nhanh, t\u0103ng ph\u1ea9m ch\u1ea5t th\u1ecbt (ch\u00e2n v\u00e0ng, da v\u00e0ng). Gi\u1ea3m ti\u00eau t\u1ed1n th\u1ee9c \u0103n<\/p>\n","protected":false},"featured_media":2649,"comment_status":"open","ping_status":"closed","template":"","meta":[],"product_cat":[26,76],"product_tag":[138],"class_list":{"0":"post-2516","1":"product","2":"type-product","3":"status-publish","4":"has-post-thumbnail","6":"product_cat-dinh-duong-vitamin-premix","7":"product_cat-theo-danh-muc-san-pham","8":"product_tag-bot-hoa-tan","9":"pa_package-100g-vi","10":"pa_package-1kg","12":"first","13":"instock","14":"shipping-taxable","15":"product-type-variable"},"_links":{"self":[{"href":"http:\/\/goldenmed.vn\/vi\/wp-json\/wp\/v2\/product\/2516"}],"collection":[{"href":"http:\/\/goldenmed.vn\/vi\/wp-json\/wp\/v2\/product"}],"about":[{"href":"http:\/\/goldenmed.vn\/vi\/wp-json\/wp\/v2\/types\/product"}],"replies":[{"embeddable":true,"href":"http:\/\/goldenmed.vn\/vi\/wp-json\/wp\/v2\/comments?post=2516"}],"wp:featuredmedia":[{"embeddable":true,"href":"http:\/\/goldenmed.vn\/vi\/wp-json\/wp\/v2\/media\/2649"}],"wp:attachment":[{"href":"http:\/\/goldenmed.vn\/vi\/wp-json\/wp\/v2\/media?parent=2516"}],"wp:term":[{"taxonomy":"product_cat","embeddable":true,"href":"http:\/\/goldenmed.vn\/vi\/wp-json\/wp\/v2\/product_cat?post=2516"},{"taxonomy":"product_tag","embeddable":true,"href":"http:\/\/goldenmed.vn\/vi\/wp-json\/wp\/v2\/product_tag?post=2516"}],"curies":[{"name":"wp","href":"https:\/\/api.w.org\/{rel}","templated":true}]}}