{"id":2521,"date":"2018-06-26T02:24:29","date_gmt":"2018-06-26T02:24:29","guid":{"rendered":"http:\/\/goldenmed.vn\/?post_type=product&#038;p=2521\/"},"modified":"2018-07-17T09:51:04","modified_gmt":"2018-07-17T02:51:04","slug":"milknilac-be","status":"publish","type":"product","link":"http:\/\/goldenmed.vn\/vi\/product\/milknilac-be\/","title":{"rendered":"MILKNILAC (B\u00ea)"},"content":{"rendered":"<ul>\n<li>S\u1ea3n ph\u1ea9m thay th\u1ebf cho s\u1eefa m\u1eb9, c\u00f3 m\u00f9i th\u01a1m h\u1ea5p d\u1eabn, k\u00edch th\u00edch th\u00e8m \u0103n, th\u1ee9c \u0103n bi\u1ebfn d\u01b0\u1ee1ng nhanh, ti\u00eau h\u00f3a t\u1ed1t v\u00e0 kh\u00f4ng g\u00e2y ti\u00eau ch\u1ea3y.<\/li>\n<li>D\u00f9ng cho b\u00ea, ngh\u00e9, c\u1eebu non trong tr\u01b0\u1eddng h\u1ee3p con m\u1eb9 m\u1ea5t s\u1eefa, k\u00e9m s\u1eefa, thi\u1ebfu s\u1eefa hay b\u1ecb m\u1ea5t m\u1eb9 t\u1eeb nh\u1ecf.<\/li>\n<li>Gi\u00fap t\u1eadp \u0103n b\u00ea, ngh\u00e9, d\u00ea non, c\u1eebu non.<\/li>\n<li>T\u0103ng s\u1eefa tr\u00ean b\u00f2 s\u1eefa k\u00e9m s\u1eefa.<\/li>\n<\/ul>\n","protected":false},"excerpt":{"rendered":"<p>S\u1ea3n ph\u1ea9m thay th\u1ebf cho s\u1eefa m\u1eb9, c\u00f3 m\u00f9i th\u01a1m h\u1ea5p d\u1eabn, k\u00edch th\u00edch th\u00e8m \u0103n, th\u1ee9c \u0103n bi\u1ebfn d\u01b0\u1ee1ng nhanh, ti\u00eau h\u00f3a t\u1ed1t v\u00e0 kh\u00f4ng g\u00e2y ti\u00eau ch\u1ea3y. D\u00f9ng cho b\u00ea, ngh\u00e9, c\u1eebu non trong tr\u01b0\u1eddng h\u1ee3p con m\u1eb9 m\u1ea5t s\u1eefa, k\u00e9m s\u1eefa, thi\u1ebfu s\u1eefa hay b\u1ecb m\u1ea5t m\u1eb9 t\u1eeb nh\u1ecf. Gi\u00fap t\u1eadp \u0103n [&hellip;]<\/p>\n","protected":false},"featured_media":2653,"comment_status":"open","ping_status":"closed","template":"","meta":[],"product_cat":[26,76],"product_tag":[138],"class_list":{"0":"post-2521","1":"product","2":"type-product","3":"status-publish","4":"has-post-thumbnail","6":"product_cat-dinh-duong-vitamin-premix","7":"product_cat-theo-danh-muc-san-pham","8":"product_tag-bot-hoa-tan","9":"pa_package-100g-vi","10":"pa_package-1kg","12":"first","13":"instock","14":"shipping-taxable","15":"product-type-variable"},"_links":{"self":[{"href":"http:\/\/goldenmed.vn\/vi\/wp-json\/wp\/v2\/product\/2521"}],"collection":[{"href":"http:\/\/goldenmed.vn\/vi\/wp-json\/wp\/v2\/product"}],"about":[{"href":"http:\/\/goldenmed.vn\/vi\/wp-json\/wp\/v2\/types\/product"}],"replies":[{"embeddable":true,"href":"http:\/\/goldenmed.vn\/vi\/wp-json\/wp\/v2\/comments?post=2521"}],"wp:featuredmedia":[{"embeddable":true,"href":"http:\/\/goldenmed.vn\/vi\/wp-json\/wp\/v2\/media\/2653"}],"wp:attachment":[{"href":"http:\/\/goldenmed.vn\/vi\/wp-json\/wp\/v2\/media?parent=2521"}],"wp:term":[{"taxonomy":"product_cat","embeddable":true,"href":"http:\/\/goldenmed.vn\/vi\/wp-json\/wp\/v2\/product_cat?post=2521"},{"taxonomy":"product_tag","embeddable":true,"href":"http:\/\/goldenmed.vn\/vi\/wp-json\/wp\/v2\/product_tag?post=2521"}],"curies":[{"name":"wp","href":"https:\/\/api.w.org\/{rel}","templated":true}]}}