{"id":2526,"date":"2018-06-26T02:29:07","date_gmt":"2018-06-26T02:29:07","guid":{"rendered":"http:\/\/goldenmed.vn\/?post_type=product&#038;p=2526\/"},"modified":"2018-07-17T10:10:45","modified_gmt":"2018-07-17T03:10:45","slug":"milknilac-heo","status":"publish","type":"product","link":"http:\/\/goldenmed.vn\/vi\/product\/milknilac-heo\/","title":{"rendered":"MILKNILAC (Heo)"},"content":{"rendered":"<ul>\n<li>Thay th\u1ebf cho s\u1eefa m\u1eb9, c\u00f3 m\u00f9i th\u01a1m h\u1ea5p d\u1eabn, k\u00edch th\u00edch th\u00e8m \u0103n, th\u1ee9c \u0103n bi\u1ebfn d\u01b0\u1ee1ng nhanh, ti\u00eau h\u00f3a t\u1ed1t v\u00e0 kh\u00f4ng g\u00e2y ti\u00eau ch\u1ea3y.<\/li>\n<li>D\u00f9ng cho heo con trong tr\u01b0\u1eddng h\u1ee3p n\u00e1i m\u1ea5t s\u1eefa, k\u00e9m s\u1eefa, thi\u1ebfu s\u1eefa hay thi\u1ebfu v\u00fa do \u0111\u00e0n heo con qu\u00e1 \u0111\u00f4ng.<\/li>\n<li>Gi\u00fap t\u1eadp \u0103n heo con.<\/li>\n<li>T\u0103ng s\u1eefa tr\u00ean heo n\u00e1i k\u00e9m s\u1eefa.<\/li>\n<\/ul>\n","protected":false},"excerpt":{"rendered":"<p>Thay th\u1ebf cho s\u1eefa m\u1eb9, c\u00f3 m\u00f9i th\u01a1m h\u1ea5p d\u1eabn, k\u00edch th\u00edch th\u00e8m \u0103n, th\u1ee9c \u0103n bi\u1ebfn d\u01b0\u1ee1ng nhanh, ti\u00eau h\u00f3a t\u1ed1t v\u00e0 kh\u00f4ng g\u00e2y ti\u00eau ch\u1ea3y. D\u00f9ng cho heo con trong tr\u01b0\u1eddng h\u1ee3p n\u00e1i m\u1ea5t s\u1eefa, k\u00e9m s\u1eefa, thi\u1ebfu s\u1eefa hay thi\u1ebfu v\u00fa do \u0111\u00e0n heo con qu\u00e1 \u0111\u00f4ng. Gi\u00fap t\u1eadp \u0103n heo con. [&hellip;]<\/p>\n","protected":false},"featured_media":2658,"comment_status":"open","ping_status":"closed","template":"","meta":[],"product_cat":[26,76],"product_tag":[138],"class_list":{"0":"post-2526","1":"product","2":"type-product","3":"status-publish","4":"has-post-thumbnail","6":"product_cat-dinh-duong-vitamin-premix","7":"product_cat-theo-danh-muc-san-pham","8":"product_tag-bot-hoa-tan","9":"pa_package-100g-vi","10":"pa_package-1kg","12":"first","13":"instock","14":"shipping-taxable","15":"product-type-variable"},"_links":{"self":[{"href":"http:\/\/goldenmed.vn\/vi\/wp-json\/wp\/v2\/product\/2526"}],"collection":[{"href":"http:\/\/goldenmed.vn\/vi\/wp-json\/wp\/v2\/product"}],"about":[{"href":"http:\/\/goldenmed.vn\/vi\/wp-json\/wp\/v2\/types\/product"}],"replies":[{"embeddable":true,"href":"http:\/\/goldenmed.vn\/vi\/wp-json\/wp\/v2\/comments?post=2526"}],"wp:featuredmedia":[{"embeddable":true,"href":"http:\/\/goldenmed.vn\/vi\/wp-json\/wp\/v2\/media\/2658"}],"wp:attachment":[{"href":"http:\/\/goldenmed.vn\/vi\/wp-json\/wp\/v2\/media?parent=2526"}],"wp:term":[{"taxonomy":"product_cat","embeddable":true,"href":"http:\/\/goldenmed.vn\/vi\/wp-json\/wp\/v2\/product_cat?post=2526"},{"taxonomy":"product_tag","embeddable":true,"href":"http:\/\/goldenmed.vn\/vi\/wp-json\/wp\/v2\/product_tag?post=2526"}],"curies":[{"name":"wp","href":"https:\/\/api.w.org\/{rel}","templated":true}]}}