{"id":2543,"date":"2018-06-26T02:46:03","date_gmt":"2018-06-26T02:46:03","guid":{"rendered":"http:\/\/goldenmed.vn\/?post_type=product&#038;p=2543\/"},"modified":"2018-07-17T10:09:47","modified_gmt":"2018-07-17T03:09:47","slug":"vimix-ga-vit","status":"publish","type":"product","link":"http:\/\/goldenmed.vn\/vi\/product\/vimix-ga-vit\/","title":{"rendered":"VIMIX (G\u00c0, V\u1ecaT)"},"content":{"rendered":"<ul>\n<li>B\u1ed5 sung d\u01b0\u1ee1ng ch\u1ea5t c\u1ea7n thi\u1ebft gi\u00fap cho g\u00e0, v\u1ecbt, c\u00fat m\u1ecdc l\u00f4ng \u0111\u1ed3ng lo\u1ea1t, b\u00f3ng m\u01b0\u1ee3t, s\u1ea1ch v\u00e0 ph\u1ee7 \u0111\u1ec1u, m\u00e0u l\u00f4ng \u0111\u1eb9p.<\/li>\n<li>Ch\u1ed1ng hi\u1ec7n t\u01b0\u1ee3ng c\u1eafn m\u1ed5 l\u00f4ng, h\u1eadu m\u00f4n tr\u00ean gia c\u1ea7m do thi\u1ebfu d\u01b0\u1ee1ng ch\u1ea5t.<\/li>\n<li>C\u1ea3i thi\u1ec7n t\u00ecnh tr\u1ea1ng l\u00f4ng x\u00f9 x\u01a1 x\u00e1c, gi\u00f2n v\u00e0 r\u1ee5ng, da kh\u00f4 c\u00f3 v\u1ea9y, l\u00f4ng m\u1ecdc ch\u1eadm, m\u1ecf nh\u1ee3t nh\u1ea1t, m\u00e0o kh\u00f4 ho\u1eb7c teo qu\u1eafc l\u1ea1i.<\/li>\n<li>Gi\u00fap gia c\u1ea7m ph\u00e1t tri\u1ec3n t\u1ed1t v\u1ec1 th\u1ec3 tr\u1ea1ng, c\u01a1 th\u1ec3 kh\u1ecfe m\u1ea1nh, t\u0103ng tr\u1ecdng nhanh. Th\u00fac \u0111\u1ea9y t\u0103ng tr\u01b0\u1edfng v\u00e0 qu\u00e1 tr\u00ecnh sinh s\u1ea3n.<\/li>\n<\/ul>\n","protected":false},"excerpt":{"rendered":"<p>B\u1ed5 sung d\u01b0\u1ee1ng ch\u1ea5t c\u1ea7n thi\u1ebft gi\u00fap cho g\u00e0, v\u1ecbt, c\u00fat m\u1ecdc l\u00f4ng \u0111\u1ed3ng lo\u1ea1t, b\u00f3ng m\u01b0\u1ee3t, s\u1ea1ch v\u00e0 ph\u1ee7 \u0111\u1ec1u, m\u00e0u l\u00f4ng \u0111\u1eb9p. Ch\u1ed1ng hi\u1ec7n t\u01b0\u1ee3ng c\u1eafn m\u1ed5 l\u00f4ng, h\u1eadu m\u00f4n tr\u00ean gia c\u1ea7m do thi\u1ebfu d\u01b0\u1ee1ng ch\u1ea5t. C\u1ea3i thi\u1ec7n t\u00ecnh tr\u1ea1ng l\u00f4ng x\u00f9 x\u01a1 x\u00e1c, gi\u00f2n v\u00e0 r\u1ee5ng, da kh\u00f4 c\u00f3 v\u1ea9y, l\u00f4ng [&hellip;]<\/p>\n","protected":false},"featured_media":2660,"comment_status":"open","ping_status":"closed","template":"","meta":[],"product_cat":[26,76],"product_tag":[138],"class_list":{"0":"post-2543","1":"product","2":"type-product","3":"status-publish","4":"has-post-thumbnail","6":"product_cat-dinh-duong-vitamin-premix","7":"product_cat-theo-danh-muc-san-pham","8":"product_tag-bot-hoa-tan","9":"pa_package-100g-vi","10":"pa_package-1kg","12":"first","13":"instock","14":"shipping-taxable","15":"product-type-variable"},"_links":{"self":[{"href":"http:\/\/goldenmed.vn\/vi\/wp-json\/wp\/v2\/product\/2543"}],"collection":[{"href":"http:\/\/goldenmed.vn\/vi\/wp-json\/wp\/v2\/product"}],"about":[{"href":"http:\/\/goldenmed.vn\/vi\/wp-json\/wp\/v2\/types\/product"}],"replies":[{"embeddable":true,"href":"http:\/\/goldenmed.vn\/vi\/wp-json\/wp\/v2\/comments?post=2543"}],"wp:featuredmedia":[{"embeddable":true,"href":"http:\/\/goldenmed.vn\/vi\/wp-json\/wp\/v2\/media\/2660"}],"wp:attachment":[{"href":"http:\/\/goldenmed.vn\/vi\/wp-json\/wp\/v2\/media?parent=2543"}],"wp:term":[{"taxonomy":"product_cat","embeddable":true,"href":"http:\/\/goldenmed.vn\/vi\/wp-json\/wp\/v2\/product_cat?post=2543"},{"taxonomy":"product_tag","embeddable":true,"href":"http:\/\/goldenmed.vn\/vi\/wp-json\/wp\/v2\/product_tag?post=2543"}],"curies":[{"name":"wp","href":"https:\/\/api.w.org\/{rel}","templated":true}]}}