{"id":2562,"date":"2018-06-26T03:34:22","date_gmt":"2018-06-26T03:34:22","guid":{"rendered":"http:\/\/goldenmed.vn\/?post_type=product&#038;p=2562\/"},"modified":"2018-07-17T09:40:27","modified_gmt":"2018-07-17T02:40:27","slug":"baci-mix-bo","status":"publish","type":"product","link":"http:\/\/goldenmed.vn\/vi\/product\/baci-mix-bo\/","title":{"rendered":"BACI \u2013 MIX (B\u00f2, D\u00ea)"},"content":{"rendered":"<ul>\n<li>Cung c\u1ea5p \u0111\u1ea7y \u0111\u1ee7 c\u00e1c d\u01b0\u1ee1ng ch\u1ea5t c\u1ea7n thi\u1ebft cho b\u00f2 s\u1eefa, d\u00ea c\u00e1i trong giai \u0111o\u1ea1n t\u1ea1o s\u1eefa, \u0111\u1ea3m b\u1ea3o ch\u1ea5t l\u01b0\u1ee3ng dinh d\u01b0\u1ee1ng cho ngu\u1ed3n s\u1eefa.<\/li>\n<li>K\u00edch th\u00edch b\u00f2 ti\u1ebft nhi\u1ec1u s\u1eefa ngay sau sanh, duy tr\u00ec n\u0103ng su\u1ea5t s\u1eefa cao v\u00e0 k\u00e9o d\u00e0i th\u1eddi gian cho s\u1eefa.<\/li>\n<li>C\u00e2n \u0111\u1ed1i c\u00e1c ch\u1ea5t dinh d\u01b0\u1ee1ng trong th\u1ee9c \u0103n.<\/li>\n<li>K\u00edch th\u00edch th\u00e8m \u0103n, tr\u00e1nh c\u00f2i c\u1ecdc, ph\u00f2ng ng\u1eeba b\u1ec7nh thi\u1ebfu dinh d\u01b0\u1ee1ng.<\/li>\n<\/ul>\n<p><strong>\u00a0<\/strong><\/p>\n","protected":false},"excerpt":{"rendered":"<p>Cung c\u1ea5p \u0111\u1ea7y \u0111\u1ee7 c\u00e1c d\u01b0\u1ee1ng ch\u1ea5t c\u1ea7n thi\u1ebft cho b\u00f2 s\u1eefa, d\u00ea c\u00e1i trong giai \u0111o\u1ea1n t\u1ea1o s\u1eefa, \u0111\u1ea3m b\u1ea3o ch\u1ea5t l\u01b0\u1ee3ng dinh d\u01b0\u1ee1ng cho ngu\u1ed3n s\u1eefa. K\u00edch th\u00edch b\u00f2 ti\u1ebft nhi\u1ec1u s\u1eefa ngay sau sanh, duy tr\u00ec n\u0103ng su\u1ea5t s\u1eefa cao v\u00e0 k\u00e9o d\u00e0i th\u1eddi gian cho s\u1eefa. C\u00e2n \u0111\u1ed1i c\u00e1c ch\u1ea5t dinh [&hellip;]<\/p>\n","protected":false},"featured_media":2631,"comment_status":"open","ping_status":"closed","template":"","meta":[],"product_cat":[26,76],"product_tag":[138],"class_list":{"0":"post-2562","1":"product","2":"type-product","3":"status-publish","4":"has-post-thumbnail","6":"product_cat-dinh-duong-vitamin-premix","7":"product_cat-theo-danh-muc-san-pham","8":"product_tag-bot-hoa-tan","9":"pa_package-100g-vi","10":"pa_package-1kg","12":"first","13":"instock","14":"shipping-taxable","15":"product-type-variable"},"_links":{"self":[{"href":"http:\/\/goldenmed.vn\/vi\/wp-json\/wp\/v2\/product\/2562"}],"collection":[{"href":"http:\/\/goldenmed.vn\/vi\/wp-json\/wp\/v2\/product"}],"about":[{"href":"http:\/\/goldenmed.vn\/vi\/wp-json\/wp\/v2\/types\/product"}],"replies":[{"embeddable":true,"href":"http:\/\/goldenmed.vn\/vi\/wp-json\/wp\/v2\/comments?post=2562"}],"wp:featuredmedia":[{"embeddable":true,"href":"http:\/\/goldenmed.vn\/vi\/wp-json\/wp\/v2\/media\/2631"}],"wp:attachment":[{"href":"http:\/\/goldenmed.vn\/vi\/wp-json\/wp\/v2\/media?parent=2562"}],"wp:term":[{"taxonomy":"product_cat","embeddable":true,"href":"http:\/\/goldenmed.vn\/vi\/wp-json\/wp\/v2\/product_cat?post=2562"},{"taxonomy":"product_tag","embeddable":true,"href":"http:\/\/goldenmed.vn\/vi\/wp-json\/wp\/v2\/product_tag?post=2562"}],"curies":[{"name":"wp","href":"https:\/\/api.w.org\/{rel}","templated":true}]}}