{"id":2567,"date":"2018-06-26T03:39:53","date_gmt":"2018-06-26T03:39:53","guid":{"rendered":"http:\/\/goldenmed.vn\/?post_type=product&#038;p=2567\/"},"modified":"2018-07-17T09:32:56","modified_gmt":"2018-07-17T02:32:56","slug":"baci-mix-heo","status":"publish","type":"product","link":"http:\/\/goldenmed.vn\/vi\/product\/baci-mix-heo\/","title":{"rendered":"BACI \u2013 MIX (Heo)"},"content":{"rendered":"<ul>\n<li>K\u00edch th\u00edch heo ti\u1ebft nhi\u1ec1u s\u1eefa ngay sau sanh v\u00e0 cho con b\u00fa. Gi\u00fap ph\u1ee5c h\u1ed3i nhanh th\u1ec3 tr\u1ea1ng heo m\u1eb9 khi nu\u00f4i con.<\/li>\n<li>B\u1ed5 sung dinh d\u01b0\u1ee1ng heo con th\u00f4ng qua s\u1eefa m\u1eb9, gi\u00fap heo con kh\u1ecfe m\u1ea1nh, \u0111\u1ed3ng \u0111\u1ec1u, mau l\u1edbn v\u00e0 n\u1eb7ng c\u00e2n. T\u1ea1o ch\u1ea5t l\u01b0\u1ee3ng s\u1eefa t\u1ed1t gi\u00fap gia s\u00fac non ch\u1ed1ng ti\u00eau ch\u1ea3y v\u00e0 t\u0103ng \u0111\u1ec1 kh\u00e1ng.<\/li>\n<li>Gi\u00fap heo n\u00e1i l\u00ean gi\u1ed1ng l\u1ea1i nhanh sau khi t\u00e1ch \u0111\u00e0n.<\/li>\n<\/ul>\n","protected":false},"excerpt":{"rendered":"<p>K\u00edch th\u00edch heo ti\u1ebft nhi\u1ec1u s\u1eefa ngay sau sanh v\u00e0 cho con b\u00fa. Gi\u00fap ph\u1ee5c h\u1ed3i nhanh th\u1ec3 tr\u1ea1ng heo m\u1eb9 khi nu\u00f4i con. B\u1ed5 sung dinh d\u01b0\u1ee1ng heo con th\u00f4ng qua s\u1eefa m\u1eb9, gi\u00fap heo con kh\u1ecfe m\u1ea1nh, \u0111\u1ed3ng \u0111\u1ec1u, mau l\u1edbn v\u00e0 n\u1eb7ng c\u00e2n. T\u1ea1o ch\u1ea5t l\u01b0\u1ee3ng s\u1eefa t\u1ed1t gi\u00fap gia s\u00fac non [&hellip;]<\/p>\n","protected":false},"featured_media":2633,"comment_status":"open","ping_status":"closed","template":"","meta":[],"product_cat":[26,76],"product_tag":[138],"class_list":{"0":"post-2567","1":"product","2":"type-product","3":"status-publish","4":"has-post-thumbnail","6":"product_cat-dinh-duong-vitamin-premix","7":"product_cat-theo-danh-muc-san-pham","8":"product_tag-bot-hoa-tan","9":"pa_package-100g-vi","10":"pa_package-1kg","12":"first","13":"instock","14":"shipping-taxable","15":"product-type-variable"},"_links":{"self":[{"href":"http:\/\/goldenmed.vn\/vi\/wp-json\/wp\/v2\/product\/2567"}],"collection":[{"href":"http:\/\/goldenmed.vn\/vi\/wp-json\/wp\/v2\/product"}],"about":[{"href":"http:\/\/goldenmed.vn\/vi\/wp-json\/wp\/v2\/types\/product"}],"replies":[{"embeddable":true,"href":"http:\/\/goldenmed.vn\/vi\/wp-json\/wp\/v2\/comments?post=2567"}],"wp:featuredmedia":[{"embeddable":true,"href":"http:\/\/goldenmed.vn\/vi\/wp-json\/wp\/v2\/media\/2633"}],"wp:attachment":[{"href":"http:\/\/goldenmed.vn\/vi\/wp-json\/wp\/v2\/media?parent=2567"}],"wp:term":[{"taxonomy":"product_cat","embeddable":true,"href":"http:\/\/goldenmed.vn\/vi\/wp-json\/wp\/v2\/product_cat?post=2567"},{"taxonomy":"product_tag","embeddable":true,"href":"http:\/\/goldenmed.vn\/vi\/wp-json\/wp\/v2\/product_tag?post=2567"}],"curies":[{"name":"wp","href":"https:\/\/api.w.org\/{rel}","templated":true}]}}