{"id":2573,"date":"2018-06-26T03:48:52","date_gmt":"2018-06-26T03:48:52","guid":{"rendered":"http:\/\/goldenmed.vn\/?post_type=product&#038;p=2573\/"},"modified":"2018-07-17T09:39:22","modified_gmt":"2018-07-17T02:39:22","slug":"men-tieu-hoa-heo","status":"publish","type":"product","link":"http:\/\/goldenmed.vn\/vi\/product\/men-tieu-hoa-heo\/","title":{"rendered":"MEN TI\u00caU H\u00d3A (Heo)"},"content":{"rendered":"<ul>\n<li>C\u00e2n b\u1eb1ng h\u1ec7 vi sinh v\u1eadt \u0111\u01b0\u1eddng ru\u1ed9t. Ph\u00f2ng ch\u1ed1ng t\u00e1o b\u00f3n, ti\u00eau ch\u1ea3y do r\u1ed1i lo\u1ea1n ti\u00eau h\u00f3<\/li>\n<li>T\u0103ng t\u1ec9 l\u1ec7 n\u1ea1c, n\u00e2ng cao t\u1ef7 l\u1ec7 s\u1ed1ng.\u00a0C\u00f3 th\u1ec3 r\u00fat ng\u1eafn \u0111\u01b0\u1ee3c qu\u00e1 tr\u00ecnh sinh tr\u01b0\u1edfng c\u1ee7a v\u1eadt nu\u00f4i t\u1eeb 5\u00a0\u2013 10\u00a0ng\u00e0y, \u0111\u1ed3ng th\u1eddi gi\u1ea3m vi\u1ec7c s\u1eed d\u1ee5ng kh\u00e1ng sinh v\u00e0 t\u0103ng c\u01b0\u1eddng s\u1ee9c \u0111\u1ec1 kh\u00e1ng, t\u0103ng c\u01b0\u1eddng kh\u1ea3 n\u0103ng mi\u1ec5n d\u1ecbch cho v\u1eadt nu\u00f4i, v\u1eadt nu\u00f4i \u00edt m\u1eafc b\u1ec7nh h\u01a1n.<\/li>\n<\/ul>\n","protected":false},"excerpt":{"rendered":"<p>C\u00e2n b\u1eb1ng h\u1ec7 vi sinh v\u1eadt \u0111\u01b0\u1eddng ru\u1ed9t. Ph\u00f2ng ch\u1ed1ng t\u00e1o b\u00f3n, ti\u00eau ch\u1ea3y do r\u1ed1i lo\u1ea1n ti\u00eau h\u00f3 T\u0103ng t\u1ec9 l\u1ec7 n\u1ea1c, n\u00e2ng cao t\u1ef7 l\u1ec7 s\u1ed1ng.\u00a0C\u00f3 th\u1ec3 r\u00fat ng\u1eafn \u0111\u01b0\u1ee3c qu\u00e1 tr\u00ecnh sinh tr\u01b0\u1edfng c\u1ee7a v\u1eadt nu\u00f4i t\u1eeb 5\u00a0\u2013 10\u00a0ng\u00e0y, \u0111\u1ed3ng th\u1eddi gi\u1ea3m vi\u1ec7c s\u1eed d\u1ee5ng kh\u00e1ng sinh v\u00e0 t\u0103ng c\u01b0\u1eddng s\u1ee9c \u0111\u1ec1 [&hellip;]<\/p>\n","protected":false},"featured_media":2645,"comment_status":"open","ping_status":"closed","template":"","meta":[],"product_cat":[27,76],"product_tag":[138],"class_list":{"0":"post-2573","1":"product","2":"type-product","3":"status-publish","4":"has-post-thumbnail","6":"product_cat-che-pham-sinh-hoc","7":"product_cat-theo-danh-muc-san-pham","8":"product_tag-bot-hoa-tan","9":"pa_package-100g-vi","10":"pa_package-1kg","12":"first","13":"instock","14":"shipping-taxable","15":"product-type-variable"},"_links":{"self":[{"href":"http:\/\/goldenmed.vn\/vi\/wp-json\/wp\/v2\/product\/2573"}],"collection":[{"href":"http:\/\/goldenmed.vn\/vi\/wp-json\/wp\/v2\/product"}],"about":[{"href":"http:\/\/goldenmed.vn\/vi\/wp-json\/wp\/v2\/types\/product"}],"replies":[{"embeddable":true,"href":"http:\/\/goldenmed.vn\/vi\/wp-json\/wp\/v2\/comments?post=2573"}],"wp:featuredmedia":[{"embeddable":true,"href":"http:\/\/goldenmed.vn\/vi\/wp-json\/wp\/v2\/media\/2645"}],"wp:attachment":[{"href":"http:\/\/goldenmed.vn\/vi\/wp-json\/wp\/v2\/media?parent=2573"}],"wp:term":[{"taxonomy":"product_cat","embeddable":true,"href":"http:\/\/goldenmed.vn\/vi\/wp-json\/wp\/v2\/product_cat?post=2573"},{"taxonomy":"product_tag","embeddable":true,"href":"http:\/\/goldenmed.vn\/vi\/wp-json\/wp\/v2\/product_tag?post=2573"}],"curies":[{"name":"wp","href":"https:\/\/api.w.org\/{rel}","templated":true}]}}