{"id":2578,"date":"2018-06-26T04:05:06","date_gmt":"2018-06-26T04:05:06","guid":{"rendered":"http:\/\/goldenmed.vn\/?post_type=product&#038;p=2578\/"},"modified":"2018-07-17T09:38:52","modified_gmt":"2018-07-17T02:38:52","slug":"men-tieu-hoa-gia-cam","status":"publish","type":"product","link":"http:\/\/goldenmed.vn\/vi\/product\/men-tieu-hoa-gia-cam\/","title":{"rendered":"MEN TI\u00caU H\u00d3A (Gia c\u1ea7m)"},"content":{"rendered":"<p class=\"fr-tag\" style=\"text-align: justify; background: white; margin: 0in 0in 8.25pt 0in;\"><span style=\"font-size: 13.0pt; color: black;\">\u00a0 \u00a0&#8211; \u1ed4n \u0111\u1ecbnh h\u1ec7 vi sinh v\u1eadt \u0111\u01b0\u1eddng ru\u1ed9t, kh\u1ed1ng ch\u1ebf s\u1ef1 sinh tr\u01b0\u1edfng c\u1ee7a c\u00e1c vi sinh v\u1eadt c\u00f3 h\u1ea1i.<\/span><\/p>\n<p class=\"fr-tag\" style=\"text-align: justify; background: white; margin: 0in 0in 8.25pt 0in;\"><span style=\"font-size: 13.0pt; color: black;\">\u00a0 \u00a0&#8211; K\u00edch th\u00edch ti\u00eau h\u00f3a, n\u00e2ng cao t\u1ec9 l\u1ec7 chuy\u1ec3n h\u00f3a th\u1ee9c \u0103n.<\/span><\/p>\n<p class=\"fr-tag\" style=\"text-align: justify; background: white; margin: 0in 0in 8.25pt 0in;\"><span style=\"font-size: 13.0pt; color: black;\">\u00a0 \u00a0&#8211; H\u1ea1n ch\u1ebf b\u1ec7nh \u0111\u01b0\u1eddng ru\u1ed9t, ti\u00eau ch\u1ea3y cho g\u00e0<\/span><\/p>\n<p class=\"fr-tag\" style=\"text-align: justify; background: white; margin: 0in 0in 8.25pt 0in;\"><span style=\"font-size: 13.0pt; color: black;\">\u00a0 \u00a0&#8211; Gi\u1ea3m vi\u1ec7c s\u1eed d\u1ee5ng kh\u00e1ng sinh v\u00e0 t\u0103ng s\u1ee9c \u0111\u1ec1 kh\u00e1ng cho v\u1eadt nu\u00f4i<\/span><\/p>\n<p class=\"fr-tag\" style=\"text-align: justify; background: white; margin: 0in 0in 8.25pt 0in;\"><span style=\"font-size: 13.0pt; color: black;\">\u00a0 \u00a0&#8211; Kh\u1eed m\u00f9i h\u00f4i c\u1ee7a ph\u00e2n g\u00e0.<\/span><\/p>\n","protected":false},"excerpt":{"rendered":"<p>\u00a0 \u00a0&#8211; \u1ed4n \u0111\u1ecbnh h\u1ec7 vi sinh v\u1eadt \u0111\u01b0\u1eddng ru\u1ed9t, kh\u1ed1ng ch\u1ebf s\u1ef1 sinh tr\u01b0\u1edfng c\u1ee7a c\u00e1c vi sinh v\u1eadt c\u00f3 h\u1ea1i. \u00a0 \u00a0&#8211; K\u00edch th\u00edch ti\u00eau h\u00f3a, n\u00e2ng cao t\u1ec9 l\u1ec7 chuy\u1ec3n h\u00f3a th\u1ee9c \u0103n. \u00a0 \u00a0&#8211; H\u1ea1n ch\u1ebf b\u1ec7nh \u0111\u01b0\u1eddng ru\u1ed9t, ti\u00eau ch\u1ea3y cho g\u00e0 \u00a0 \u00a0&#8211; Gi\u1ea3m vi\u1ec7c s\u1eed d\u1ee5ng kh\u00e1ng sinh [&hellip;]<\/p>\n","protected":false},"featured_media":2643,"comment_status":"open","ping_status":"closed","template":"","meta":[],"product_cat":[221],"product_tag":[138],"class_list":{"0":"post-2578","1":"product","2":"type-product","3":"status-publish","4":"has-post-thumbnail","6":"product_cat-uncategorized","7":"product_tag-bot-hoa-tan","8":"pa_package-100g-vi","9":"pa_package-1kg","11":"first","12":"instock","13":"shipping-taxable","14":"product-type-variable"},"_links":{"self":[{"href":"http:\/\/goldenmed.vn\/vi\/wp-json\/wp\/v2\/product\/2578"}],"collection":[{"href":"http:\/\/goldenmed.vn\/vi\/wp-json\/wp\/v2\/product"}],"about":[{"href":"http:\/\/goldenmed.vn\/vi\/wp-json\/wp\/v2\/types\/product"}],"replies":[{"embeddable":true,"href":"http:\/\/goldenmed.vn\/vi\/wp-json\/wp\/v2\/comments?post=2578"}],"wp:featuredmedia":[{"embeddable":true,"href":"http:\/\/goldenmed.vn\/vi\/wp-json\/wp\/v2\/media\/2643"}],"wp:attachment":[{"href":"http:\/\/goldenmed.vn\/vi\/wp-json\/wp\/v2\/media?parent=2578"}],"wp:term":[{"taxonomy":"product_cat","embeddable":true,"href":"http:\/\/goldenmed.vn\/vi\/wp-json\/wp\/v2\/product_cat?post=2578"},{"taxonomy":"product_tag","embeddable":true,"href":"http:\/\/goldenmed.vn\/vi\/wp-json\/wp\/v2\/product_tag?post=2578"}],"curies":[{"name":"wp","href":"https:\/\/api.w.org\/{rel}","templated":true}]}}