{"id":2583,"date":"2018-06-26T06:40:49","date_gmt":"2018-06-26T06:40:49","guid":{"rendered":"http:\/\/goldenmed.vn\/?post_type=product&#038;p=2583\/"},"modified":"2018-07-17T09:38:08","modified_gmt":"2018-07-17T02:38:08","slug":"men-tieu-hoa","status":"publish","type":"product","link":"http:\/\/goldenmed.vn\/vi\/product\/men-tieu-hoa\/","title":{"rendered":"MEN TI\u00caU H\u00d3A (B\u00f2, D\u00ea)"},"content":{"rendered":"<ul>\n<li class=\"fr-tag\" style=\"background: white; margin: 0in 0in 8.25pt 0in;\"><span style=\"font-size: 13.0pt; color: black;\">Gi\u00fap c\u00e2n b\u1eb1ng h\u1ec7 vi sinh \u0111\u01b0\u1eddng ru\u1ed9t c\u1ee7a b\u00f2, d\u00ea.<\/span><\/li>\n<li class=\"fr-tag\" style=\"background: white; margin: 0in 0in 8.25pt 0in;\"><span style=\"font-size: 13.0pt; color: black;\">H\u1ed7 tr\u1ee3 \u0111i\u1ec1u tr\u1ecb r\u1ed1i lo\u1ea1n ti\u00eau h\u00f3a, ch\u01b0\u1edbng h\u01a1i, s\u00ecnh b\u1ee5ng, ti\u00eau ch\u1ea3y.<\/span><\/li>\n<li class=\"fr-tag\" style=\"background: white; margin: 0in 0in 8.25pt 0in;\"><span style=\"font-size: 13.0pt; color: black;\">N\u00e2ng cao kh\u1ea3 n\u0103ng h\u1ea5p th\u1ee5 ch\u1ea5t dinh d\u01b0\u1ee1ng, gi\u00fap b\u00f2, d\u00ea t\u0103ng tr\u1ecdng nhanh.<\/span><\/li>\n<\/ul>\n","protected":false},"excerpt":{"rendered":"<p>Gi\u00fap c\u00e2n b\u1eb1ng h\u1ec7 vi sinh \u0111\u01b0\u1eddng ru\u1ed9t c\u1ee7a b\u00f2, d\u00ea. H\u1ed7 tr\u1ee3 \u0111i\u1ec1u tr\u1ecb r\u1ed1i lo\u1ea1n ti\u00eau h\u00f3a, ch\u01b0\u1edbng h\u01a1i, s\u00ecnh b\u1ee5ng, ti\u00eau ch\u1ea3y. N\u00e2ng cao kh\u1ea3 n\u0103ng h\u1ea5p th\u1ee5 ch\u1ea5t dinh d\u01b0\u1ee1ng, gi\u00fap b\u00f2, d\u00ea t\u0103ng tr\u1ecdng nhanh.<\/p>\n","protected":false},"featured_media":2641,"comment_status":"open","ping_status":"closed","template":"","meta":[],"product_cat":[221],"product_tag":[138],"class_list":{"0":"post-2583","1":"product","2":"type-product","3":"status-publish","4":"has-post-thumbnail","6":"product_cat-uncategorized","7":"product_tag-bot-hoa-tan","8":"pa_package-100g-vi","9":"pa_package-1kg","11":"first","12":"instock","13":"shipping-taxable","14":"product-type-variable"},"_links":{"self":[{"href":"http:\/\/goldenmed.vn\/vi\/wp-json\/wp\/v2\/product\/2583"}],"collection":[{"href":"http:\/\/goldenmed.vn\/vi\/wp-json\/wp\/v2\/product"}],"about":[{"href":"http:\/\/goldenmed.vn\/vi\/wp-json\/wp\/v2\/types\/product"}],"replies":[{"embeddable":true,"href":"http:\/\/goldenmed.vn\/vi\/wp-json\/wp\/v2\/comments?post=2583"}],"wp:featuredmedia":[{"embeddable":true,"href":"http:\/\/goldenmed.vn\/vi\/wp-json\/wp\/v2\/media\/2641"}],"wp:attachment":[{"href":"http:\/\/goldenmed.vn\/vi\/wp-json\/wp\/v2\/media?parent=2583"}],"wp:term":[{"taxonomy":"product_cat","embeddable":true,"href":"http:\/\/goldenmed.vn\/vi\/wp-json\/wp\/v2\/product_cat?post=2583"},{"taxonomy":"product_tag","embeddable":true,"href":"http:\/\/goldenmed.vn\/vi\/wp-json\/wp\/v2\/product_tag?post=2583"}],"curies":[{"name":"wp","href":"https:\/\/api.w.org\/{rel}","templated":true}]}}