{"id":2588,"date":"2018-06-26T06:45:48","date_gmt":"2018-06-26T06:45:48","guid":{"rendered":"http:\/\/goldenmed.vn\/?post_type=product&#038;p=2588\/"},"modified":"2018-06-26T07:27:04","modified_gmt":"2018-06-26T07:27:04","slug":"sinh-ly-man","status":"publish","type":"product","link":"http:\/\/goldenmed.vn\/vi\/product\/sinh-ly-man\/","title":{"rendered":"SINH L\u00dd M\u1eb6N"},"content":{"rendered":"<ul>\n<li>B\u1ed5 sung n\u01b0\u1edbc, mu\u1ed1i kho\u00e1ng khi c\u01a1 th\u1ec3 b\u1ecb m\u1ea5t n\u01b0\u1edbc.<\/li>\n<li>D\u00f9ng l\u00e0m dung m\u00f4i \u0111\u1ec3 pha thu\u1ed1c ti\u00eam, vaccin.<\/li>\n<\/ul>\n<p><strong>\u00a0<\/strong><\/p>\n","protected":false},"excerpt":{"rendered":"<p>B\u1ed5 sung n\u01b0\u1edbc, mu\u1ed1i kho\u00e1ng khi c\u01a1 th\u1ec3 b\u1ecb m\u1ea5t n\u01b0\u1edbc. D\u00f9ng l\u00e0m dung m\u00f4i \u0111\u1ec3 pha thu\u1ed1c ti\u00eam, vaccin. \u00a0<\/p>\n","protected":false},"featured_media":2601,"comment_status":"open","ping_status":"closed","template":"","meta":[],"product_cat":[221],"product_tag":[121],"class_list":{"0":"post-2588","1":"product","2":"type-product","3":"status-publish","4":"has-post-thumbnail","6":"product_cat-uncategorized","7":"product_tag-dd-tiem","8":"pa_package-500ml","10":"first","11":"instock","12":"shipping-taxable","13":"product-type-variable"},"_links":{"self":[{"href":"http:\/\/goldenmed.vn\/vi\/wp-json\/wp\/v2\/product\/2588"}],"collection":[{"href":"http:\/\/goldenmed.vn\/vi\/wp-json\/wp\/v2\/product"}],"about":[{"href":"http:\/\/goldenmed.vn\/vi\/wp-json\/wp\/v2\/types\/product"}],"replies":[{"embeddable":true,"href":"http:\/\/goldenmed.vn\/vi\/wp-json\/wp\/v2\/comments?post=2588"}],"wp:featuredmedia":[{"embeddable":true,"href":"http:\/\/goldenmed.vn\/vi\/wp-json\/wp\/v2\/media\/2601"}],"wp:attachment":[{"href":"http:\/\/goldenmed.vn\/vi\/wp-json\/wp\/v2\/media?parent=2588"}],"wp:term":[{"taxonomy":"product_cat","embeddable":true,"href":"http:\/\/goldenmed.vn\/vi\/wp-json\/wp\/v2\/product_cat?post=2588"},{"taxonomy":"product_tag","embeddable":true,"href":"http:\/\/goldenmed.vn\/vi\/wp-json\/wp\/v2\/product_tag?post=2588"}],"curies":[{"name":"wp","href":"https:\/\/api.w.org\/{rel}","templated":true}]}}