{"id":2592,"date":"2018-04-12T07:45:08","date_gmt":"2018-04-12T07:45:08","guid":{"rendered":"http:\/\/goldenmed.vn\/product\/liver-extra\/"},"modified":"2018-06-26T07:19:56","modified_gmt":"2018-06-26T07:19:56","slug":"liver-extra","status":"publish","type":"product","link":"http:\/\/goldenmed.vn\/vi\/product\/liver-extra\/","title":{"rendered":"LIVER &#8211; EXTRA"},"content":{"rendered":"<ul>\n<li>H\u1ed7 tr\u1ee3 \u0111i\u1ec1u tr\u1ecb c\u00e1c b\u1ec7nh g\u00e2y t\u1ed5n th\u01b0\u01a1ng gan, th\u1eadn.<\/li>\n<li>T\u0103ng c\u01b0\u1eddng b\u1ea3o v\u1ec7 gan, th\u1eadn.<\/li>\n<li>K\u00edch th\u00edch b\u00e0i ti\u1ebft, \u0111\u00e0o th\u1ea3i c\u00e1c ch\u1ea5t \u0111\u1ed9c ra kh\u1ecfi c\u01a1 th\u1ec3 sau khi b\u1ecb m\u1eafc b\u1ec7nh, \u0111i\u1ec1u tr\u1ecb b\u1ec7nh b\u1eb1ng thu\u1ed1c.<\/li>\n<li>T\u0103ng s\u1ee9c \u0111\u1ec1 kh\u00e1ng, gi\u1ea3m stress, t\u0103ng c\u01b0\u1eddng ho\u1ea1t \u0111\u1ed9ng ti\u00eau h\u00f3a v\u00e0 h\u1ea5p thu dinh d\u01b0\u1ee1ng do t\u0103ng th\u1ea9m th\u1ea5u trong l\u00f2ng ru\u1ed9t.<\/li>\n<\/ul>\n","protected":false},"excerpt":{"rendered":"<p>H\u1ed7 tr\u1ee3 \u0111i\u1ec1u tr\u1ecb c\u00e1c b\u1ec7nh g\u00e2y t\u1ed5n th\u01b0\u01a1ng gan, th\u1eadn. T\u0103ng c\u01b0\u1eddng b\u1ea3o v\u1ec7 gan, th\u1eadn. K\u00edch th\u00edch b\u00e0i ti\u1ebft, \u0111\u00e0o th\u1ea3i c\u00e1c ch\u1ea5t \u0111\u1ed9c ra kh\u1ecfi c\u01a1 th\u1ec3 sau khi b\u1ecb m\u1eafc b\u1ec7nh, \u0111i\u1ec1u tr\u1ecb b\u1ec7nh b\u1eb1ng thu\u1ed1c. T\u0103ng s\u1ee9c \u0111\u1ec1 kh\u00e1ng, gi\u1ea3m stress, t\u0103ng c\u01b0\u1eddng ho\u1ea1t \u0111\u1ed9ng ti\u00eau h\u00f3a v\u00e0 h\u1ea5p thu [&hellip;]<\/p>\n","protected":false},"featured_media":3011,"comment_status":"open","ping_status":"closed","template":"","meta":[],"product_cat":[28,76],"product_tag":[125],"class_list":{"0":"post-2592","1":"product","2":"type-product","3":"status-publish","4":"has-post-thumbnail","6":"product_cat-giai-doc-bo-tro-dien-giai","7":"product_cat-theo-danh-muc-san-pham","8":"product_tag-dd-uong","9":"pa_package-1l-vi","11":"first","12":"instock","13":"shipping-taxable","14":"product-type-variable"},"_links":{"self":[{"href":"http:\/\/goldenmed.vn\/vi\/wp-json\/wp\/v2\/product\/2592"}],"collection":[{"href":"http:\/\/goldenmed.vn\/vi\/wp-json\/wp\/v2\/product"}],"about":[{"href":"http:\/\/goldenmed.vn\/vi\/wp-json\/wp\/v2\/types\/product"}],"replies":[{"embeddable":true,"href":"http:\/\/goldenmed.vn\/vi\/wp-json\/wp\/v2\/comments?post=2592"}],"wp:featuredmedia":[{"embeddable":true,"href":"http:\/\/goldenmed.vn\/vi\/wp-json\/wp\/v2\/media\/3011"}],"wp:attachment":[{"href":"http:\/\/goldenmed.vn\/vi\/wp-json\/wp\/v2\/media?parent=2592"}],"wp:term":[{"taxonomy":"product_cat","embeddable":true,"href":"http:\/\/goldenmed.vn\/vi\/wp-json\/wp\/v2\/product_cat?post=2592"},{"taxonomy":"product_tag","embeddable":true,"href":"http:\/\/goldenmed.vn\/vi\/wp-json\/wp\/v2\/product_tag?post=2592"}],"curies":[{"name":"wp","href":"https:\/\/api.w.org\/{rel}","templated":true}]}}