{"id":2783,"date":"2018-11-12T09:31:51","date_gmt":"2018-11-12T02:31:51","guid":{"rendered":"http:\/\/goldenmed.vn\/product\/microfact-premium\/"},"modified":"2018-11-12T09:33:35","modified_gmt":"2018-11-12T02:33:35","slug":"microfact-premium","status":"publish","type":"product","link":"http:\/\/goldenmed.vn\/vi\/product\/microfact-premium\/","title":{"rendered":"MICROFACT &#8211; Premium"},"content":{"rendered":"<ul>\n<li>MICROFACT l\u00e0 s\u1ea3n ph\u1ea9m b\u00e0o ch\u1ebf d\u01b0\u1edbi d\u1ea1ng c\u1ed1m si\u00eau tan, k\u1ebft h\u1ee3p c\u00e2n \u0111\u1ed1i gi\u1eefa c\u00e1c vitamin, acid amin v\u1edbi nh\u00e2n s\u00e2m nh\u1eb1m gi\u00fap v\u1eadt nu\u00f4i:\n<p>+ T\u0103ng c\u01b0\u1eddng s\u1ee9c \u0111\u1ec1 kh\u00e1ng, ph\u1ee5c h\u1ed3i s\u1ee9c kh\u1ecfe nhanh.<\/p>\n<p>+ T\u0103ng tr\u1ecdng, d\u00e0y l\u01b0\u1eddn, n\u1edf m\u00f4ng, bung \u0111\u00f9i.<\/p>\n<p>+ Gi\u00fap gia c\u1ea7m bung l\u00f4ng, b\u1eadt c\u1ef1a, v\u00e0ng da, v\u00e0ng ch\u00e2n, \u0111\u1ecf t\u00edch, k\u00edch m\u00e0o.<\/li>\n<\/ul>\n","protected":false},"excerpt":{"rendered":"<p>MICROFACT l\u00e0 s\u1ea3n ph\u1ea9m b\u00e0o ch\u1ebf d\u01b0\u1edbi d\u1ea1ng c\u1ed1m si\u00eau tan, k\u1ebft h\u1ee3p c\u00e2n \u0111\u1ed1i gi\u1eefa c\u00e1c vitamin, acid amin v\u1edbi nh\u00e2n s\u00e2m nh\u1eb1m gi\u00fap v\u1eadt nu\u00f4i: + T\u0103ng c\u01b0\u1eddng s\u1ee9c \u0111\u1ec1 kh\u00e1ng, ph\u1ee5c h\u1ed3i s\u1ee9c kh\u1ecfe nhanh. + T\u0103ng tr\u1ecdng, d\u00e0y l\u01b0\u1eddn, n\u1edf m\u00f4ng, bung \u0111\u00f9i. + Gi\u00fap gia c\u1ea7m bung l\u00f4ng, b\u1eadt c\u1ef1a, [&hellip;]<\/p>\n","protected":false},"featured_media":2782,"comment_status":"open","ping_status":"closed","template":"","meta":[],"product_cat":[221],"product_tag":[162],"class_list":{"0":"post-2783","1":"product","2":"type-product","3":"status-publish","4":"has-post-thumbnail","6":"product_cat-uncategorized","7":"product_tag-nutrional-granules-vi","8":"pa_package-100g-vi","9":"pa_package-1kg","11":"first","12":"instock","13":"shipping-taxable","14":"product-type-variable"},"_links":{"self":[{"href":"http:\/\/goldenmed.vn\/vi\/wp-json\/wp\/v2\/product\/2783"}],"collection":[{"href":"http:\/\/goldenmed.vn\/vi\/wp-json\/wp\/v2\/product"}],"about":[{"href":"http:\/\/goldenmed.vn\/vi\/wp-json\/wp\/v2\/types\/product"}],"replies":[{"embeddable":true,"href":"http:\/\/goldenmed.vn\/vi\/wp-json\/wp\/v2\/comments?post=2783"}],"wp:featuredmedia":[{"embeddable":true,"href":"http:\/\/goldenmed.vn\/vi\/wp-json\/wp\/v2\/media\/2782"}],"wp:attachment":[{"href":"http:\/\/goldenmed.vn\/vi\/wp-json\/wp\/v2\/media?parent=2783"}],"wp:term":[{"taxonomy":"product_cat","embeddable":true,"href":"http:\/\/goldenmed.vn\/vi\/wp-json\/wp\/v2\/product_cat?post=2783"},{"taxonomy":"product_tag","embeddable":true,"href":"http:\/\/goldenmed.vn\/vi\/wp-json\/wp\/v2\/product_tag?post=2783"}],"curies":[{"name":"wp","href":"https:\/\/api.w.org\/{rel}","templated":true}]}}