{"id":2799,"date":"2018-12-01T10:29:48","date_gmt":"2018-12-01T03:29:48","guid":{"rendered":"http:\/\/goldenmed.vn\/product\/terracolmix\/"},"modified":"2018-12-01T10:33:32","modified_gmt":"2018-12-01T03:33:32","slug":"terracolmix","status":"publish","type":"product","link":"http:\/\/goldenmed.vn\/vi\/product\/terracolmix\/","title":{"rendered":"TERRACOLMIX"},"content":{"rendered":"<p>\u0110i\u1ec1u tr\u1ecb vi\u00eam \u0111\u01b0\u1eddng h\u00f4 h\u1ea5p, ti\u00eau h\u00f3a do c\u00e1c vi khu\u1ea9n nh\u1ea1y c\u1ea3m v\u1edbi oxytetracyclin, colistin g\u00e2y ra tr\u00ean tr\u00e2u, b\u00f2, heo, gia c\u1ea7m.<\/p>\n","protected":false},"excerpt":{"rendered":"<p>\u0110i\u1ec1u tr\u1ecb vi\u00eam \u0111\u01b0\u1eddng h\u00f4 h\u1ea5p, ti\u00eau h\u00f3a do c\u00e1c vi khu\u1ea9n nh\u1ea1y c\u1ea3m v\u1edbi oxytetracyclin, colistin g\u00e2y ra tr\u00ean tr\u00e2u, b\u00f2, heo, gia c\u1ea7m.<\/p>\n","protected":false},"featured_media":2835,"comment_status":"open","ping_status":"closed","template":"","meta":[],"product_cat":[76,25],"product_tag":[138],"class_list":{"0":"post-2799","1":"product","2":"type-product","3":"status-publish","4":"has-post-thumbnail","6":"product_cat-theo-danh-muc-san-pham","7":"product_cat-thuoc-khang-sinh","8":"product_tag-bot-hoa-tan","9":"pa_package-100g-vi","10":"pa_package-1kg","12":"first","13":"instock","14":"shipping-taxable","15":"product-type-variable"},"_links":{"self":[{"href":"http:\/\/goldenmed.vn\/vi\/wp-json\/wp\/v2\/product\/2799"}],"collection":[{"href":"http:\/\/goldenmed.vn\/vi\/wp-json\/wp\/v2\/product"}],"about":[{"href":"http:\/\/goldenmed.vn\/vi\/wp-json\/wp\/v2\/types\/product"}],"replies":[{"embeddable":true,"href":"http:\/\/goldenmed.vn\/vi\/wp-json\/wp\/v2\/comments?post=2799"}],"wp:featuredmedia":[{"embeddable":true,"href":"http:\/\/goldenmed.vn\/vi\/wp-json\/wp\/v2\/media\/2835"}],"wp:attachment":[{"href":"http:\/\/goldenmed.vn\/vi\/wp-json\/wp\/v2\/media?parent=2799"}],"wp:term":[{"taxonomy":"product_cat","embeddable":true,"href":"http:\/\/goldenmed.vn\/vi\/wp-json\/wp\/v2\/product_cat?post=2799"},{"taxonomy":"product_tag","embeddable":true,"href":"http:\/\/goldenmed.vn\/vi\/wp-json\/wp\/v2\/product_tag?post=2799"}],"curies":[{"name":"wp","href":"https:\/\/api.w.org\/{rel}","templated":true}]}}