{"id":612,"date":"2018-01-25T09:04:52","date_gmt":"2018-01-25T09:04:52","guid":{"rendered":"http:\/\/goldenmed.vn\/product\/doxy-50\/"},"modified":"2018-03-16T08:32:12","modified_gmt":"2018-03-16T08:32:12","slug":"doxy-50","status":"publish","type":"product","link":"http:\/\/goldenmed.vn\/vi\/product\/doxy-50\/","title":{"rendered":"DOXY 500"},"content":{"rendered":"<p>Tr\u1ecb c\u00e1c b\u1ec7nh nhi\u1ec5m khu\u1ea9n \u0111\u01b0\u1eddng h\u00f4 h\u1ea5p v\u00e0 ti\u00eau h\u00f3a.<\/p>\n","protected":false},"excerpt":{"rendered":"<p>Tr\u1ecb c\u00e1c b\u1ec7nh nhi\u1ec5m khu\u1ea9n \u0111\u01b0\u1eddng h\u00f4 h\u1ea5p v\u00e0 ti\u00eau h\u00f3a.<\/p>\n","protected":false},"featured_media":2299,"comment_status":"open","ping_status":"closed","template":"","meta":[],"product_cat":[76,25],"product_tag":[138],"class_list":{"0":"post-612","1":"product","2":"type-product","3":"status-publish","4":"has-post-thumbnail","6":"product_cat-theo-danh-muc-san-pham","7":"product_cat-thuoc-khang-sinh","8":"product_tag-bot-hoa-tan","9":"pa_package-100g-vi","10":"pa_package-1kg","12":"first","13":"instock","14":"shipping-taxable","15":"product-type-variable"},"_links":{"self":[{"href":"http:\/\/goldenmed.vn\/vi\/wp-json\/wp\/v2\/product\/612"}],"collection":[{"href":"http:\/\/goldenmed.vn\/vi\/wp-json\/wp\/v2\/product"}],"about":[{"href":"http:\/\/goldenmed.vn\/vi\/wp-json\/wp\/v2\/types\/product"}],"replies":[{"embeddable":true,"href":"http:\/\/goldenmed.vn\/vi\/wp-json\/wp\/v2\/comments?post=612"}],"wp:featuredmedia":[{"embeddable":true,"href":"http:\/\/goldenmed.vn\/vi\/wp-json\/wp\/v2\/media\/2299"}],"wp:attachment":[{"href":"http:\/\/goldenmed.vn\/vi\/wp-json\/wp\/v2\/media?parent=612"}],"wp:term":[{"taxonomy":"product_cat","embeddable":true,"href":"http:\/\/goldenmed.vn\/vi\/wp-json\/wp\/v2\/product_cat?post=612"},{"taxonomy":"product_tag","embeddable":true,"href":"http:\/\/goldenmed.vn\/vi\/wp-json\/wp\/v2\/product_tag?post=612"}],"curies":[{"name":"wp","href":"https:\/\/api.w.org\/{rel}","templated":true}]}}