{"id":663,"date":"2018-02-23T04:15:39","date_gmt":"2018-02-23T04:15:39","guid":{"rendered":"http:\/\/goldenmed.vn\/?post_type=product&#038;p=663\/"},"modified":"2019-03-01T09:12:33","modified_gmt":"2019-03-01T02:12:33","slug":"g-amik","status":"publish","type":"product","link":"http:\/\/goldenmed.vn\/vi\/product\/g-amik\/","title":{"rendered":"G-AMIK"},"content":{"rendered":"<ul>\n<li>Tr\u00e2u, b\u00f2, heo d\u00ea, c\u1eebu, ch\u00f3: nhi\u1ec5m tr\u00f9ng huy\u1ebft do E.coli, t\u1ee5 huy\u1ebft tr\u00f9ng, vi\u00eam t\u1eed cung, vi\u00eam kh\u1edbp, vi\u00eam \u0111\u01b0\u1eddng ti\u1ebft ni\u1ec7u, suy\u1ec5n heo, vi\u00eam kh\u00ed \u2013 ph\u1ebf qu\u1ea3n, vi\u00eam ph\u1ed5i \u2013 m\u00e0ng ph\u1ed5i, vi\u00eam xoang ng\u1ef1c, ti\u00eau ch\u1ea3y \u2013 vi\u00eam ru\u1ed9t, E.coli ph\u00f9, nhi\u1ec5m tr\u00f9ng da \u1edf ch\u00f3.<\/li>\n<li>Gia c\u1ea7m: nhi\u1ec5m tr\u00f9ng huy\u1ebft (b\u1ea1i huy\u1ebft), t\u1ee5 huy\u1ebft tr\u00f9ng (g\u00e0 toi), hen g\u00e0 (CRD), CCRD, g\u00e0 r\u00f9, s\u01b0ng ph\u00f9 \u0111\u1ea7u (coryza), b\u1ec7nh \u0111\u1ea7u \u0111en, kh\u1eb9c v\u1ecbt.<\/li>\n<\/ul>\n","protected":false},"excerpt":{"rendered":"<p>Tr\u00e2u, b\u00f2, heo d\u00ea, c\u1eebu, ch\u00f3: nhi\u1ec5m tr\u00f9ng huy\u1ebft do E.coli, t\u1ee5 huy\u1ebft tr\u00f9ng, vi\u00eam t\u1eed cung, vi\u00eam kh\u1edbp, vi\u00eam \u0111\u01b0\u1eddng ti\u1ebft ni\u1ec7u, suy\u1ec5n heo, vi\u00eam kh\u00ed \u2013 ph\u1ebf qu\u1ea3n, vi\u00eam ph\u1ed5i \u2013 m\u00e0ng ph\u1ed5i, vi\u00eam xoang ng\u1ef1c, ti\u00eau ch\u1ea3y \u2013 vi\u00eam ru\u1ed9t, E.coli ph\u00f9, nhi\u1ec5m tr\u00f9ng da \u1edf ch\u00f3. Gia c\u1ea7m: nhi\u1ec5m tr\u00f9ng huy\u1ebft [&hellip;]<\/p>\n","protected":false},"featured_media":2883,"comment_status":"open","ping_status":"closed","template":"","meta":[],"product_cat":[76,25],"product_tag":[121],"class_list":{"0":"post-663","1":"product","2":"type-product","3":"status-publish","4":"has-post-thumbnail","6":"product_cat-theo-danh-muc-san-pham","7":"product_cat-thuoc-khang-sinh","8":"product_tag-dd-tiem","9":"pa_package-100ml-vi","10":"pa_species-gia-cam","11":"pa_species-gia-suc","12":"pa_species-vat-nuoi","14":"first","15":"instock","16":"shipping-taxable","17":"product-type-variable"},"_links":{"self":[{"href":"http:\/\/goldenmed.vn\/vi\/wp-json\/wp\/v2\/product\/663"}],"collection":[{"href":"http:\/\/goldenmed.vn\/vi\/wp-json\/wp\/v2\/product"}],"about":[{"href":"http:\/\/goldenmed.vn\/vi\/wp-json\/wp\/v2\/types\/product"}],"replies":[{"embeddable":true,"href":"http:\/\/goldenmed.vn\/vi\/wp-json\/wp\/v2\/comments?post=663"}],"wp:featuredmedia":[{"embeddable":true,"href":"http:\/\/goldenmed.vn\/vi\/wp-json\/wp\/v2\/media\/2883"}],"wp:attachment":[{"href":"http:\/\/goldenmed.vn\/vi\/wp-json\/wp\/v2\/media?parent=663"}],"wp:term":[{"taxonomy":"product_cat","embeddable":true,"href":"http:\/\/goldenmed.vn\/vi\/wp-json\/wp\/v2\/product_cat?post=663"},{"taxonomy":"product_tag","embeddable":true,"href":"http:\/\/goldenmed.vn\/vi\/wp-json\/wp\/v2\/product_tag?post=663"}],"curies":[{"name":"wp","href":"https:\/\/api.w.org\/{rel}","templated":true}]}}