{"id":741,"date":"2018-03-16T07:32:20","date_gmt":"2018-03-16T07:32:20","guid":{"rendered":"http:\/\/goldenmed.vn\/product\/florfenicol-400\/"},"modified":"2018-05-23T07:52:47","modified_gmt":"2018-05-23T07:52:47","slug":"florfenicol-400","status":"publish","type":"product","link":"http:\/\/goldenmed.vn\/vi\/product\/florfenicol-400\/","title":{"rendered":"FLORFENICOL 400"},"content":{"rendered":"<ul>\n<li>\u0110i\u1ec1u tr\u1ecb b\u1ec7nh nhi\u1ec5m tr\u00f9ng \u0111\u01b0\u1eddng h\u00f4 h\u1ea5p: vi\u00eam ph\u1ed5i, vi\u00eam ph\u1ebf qu\u1ea3n, suy\u1ec5n l\u1ee3n.<\/li>\n<li>\u0110i\u1ec1u tr\u1ecb b\u1ec7nh nhi\u1ec5m tr\u00f9ng \u0111\u01b0\u1eddng ti\u00eau h\u00f3a: ti\u00eau ch\u1ea3y ph\u00e2n tr\u1eafng, ph\u00e2n xanh, ph\u00e2n v\u00e0ng do E.coli, salmonella, t\u1ee5 huy\u1ebft tr\u00f9ng, vi\u00eam ru\u1ed9t.<\/li>\n<\/ul>\n","protected":false},"excerpt":{"rendered":"<p>\u0110i\u1ec1u tr\u1ecb b\u1ec7nh nhi\u1ec5m tr\u00f9ng \u0111\u01b0\u1eddng h\u00f4 h\u1ea5p: vi\u00eam ph\u1ed5i, vi\u00eam ph\u1ebf qu\u1ea3n, suy\u1ec5n l\u1ee3n. \u0110i\u1ec1u tr\u1ecb b\u1ec7nh nhi\u1ec5m tr\u00f9ng \u0111\u01b0\u1eddng ti\u00eau h\u00f3a: ti\u00eau ch\u1ea3y ph\u00e2n tr\u1eafng, ph\u00e2n xanh, ph\u00e2n v\u00e0ng do E.coli, salmonella, t\u1ee5 huy\u1ebft tr\u00f9ng, vi\u00eam ru\u1ed9t.<\/p>\n","protected":false},"featured_media":2934,"comment_status":"open","ping_status":"closed","template":"","meta":[],"product_cat":[76,25],"product_tag":[121,124],"class_list":{"0":"post-741","1":"product","2":"type-product","3":"status-publish","4":"has-post-thumbnail","6":"product_cat-theo-danh-muc-san-pham","7":"product_cat-thuoc-khang-sinh","8":"product_tag-dd-tiem","9":"product_tag-la-vi","10":"pa_package-20ml-vi","12":"first","13":"instock","14":"shipping-taxable","15":"product-type-variable"},"_links":{"self":[{"href":"http:\/\/goldenmed.vn\/vi\/wp-json\/wp\/v2\/product\/741"}],"collection":[{"href":"http:\/\/goldenmed.vn\/vi\/wp-json\/wp\/v2\/product"}],"about":[{"href":"http:\/\/goldenmed.vn\/vi\/wp-json\/wp\/v2\/types\/product"}],"replies":[{"embeddable":true,"href":"http:\/\/goldenmed.vn\/vi\/wp-json\/wp\/v2\/comments?post=741"}],"wp:featuredmedia":[{"embeddable":true,"href":"http:\/\/goldenmed.vn\/vi\/wp-json\/wp\/v2\/media\/2934"}],"wp:attachment":[{"href":"http:\/\/goldenmed.vn\/vi\/wp-json\/wp\/v2\/media?parent=741"}],"wp:term":[{"taxonomy":"product_cat","embeddable":true,"href":"http:\/\/goldenmed.vn\/vi\/wp-json\/wp\/v2\/product_cat?post=741"},{"taxonomy":"product_tag","embeddable":true,"href":"http:\/\/goldenmed.vn\/vi\/wp-json\/wp\/v2\/product_tag?post=741"}],"curies":[{"name":"wp","href":"https:\/\/api.w.org\/{rel}","templated":true}]}}