{"id":748,"date":"2018-02-26T03:29:22","date_gmt":"2018-02-26T03:29:22","guid":{"rendered":"http:\/\/goldenmed.vn\/product\/protect\/"},"modified":"2018-03-19T07:43:12","modified_gmt":"2018-03-19T07:43:12","slug":"protect","status":"publish","type":"product","link":"http:\/\/goldenmed.vn\/vi\/product\/protect\/","title":{"rendered":"PROTECT"},"content":{"rendered":"<p>Ti\u00eau \u0111\u1ed9c chu\u1ed3ng tr\u1ea1i, ph\u01b0\u01a1ng ti\u1ec7n v\u1eadn chuy\u1ec3n, kh\u1eed tr\u00f9ng m\u00e1ng \u0103n, m\u00e1ng u\u1ed1ng, d\u1ee5ng c\u1ee5, s\u00e1t tr\u00f9ng tr\u1ef1c ti\u1ebfp tr\u00ean v\u1eadt nu\u00f4i.<\/p>\n","protected":false},"excerpt":{"rendered":"<p>Ti\u00eau \u0111\u1ed9c chu\u1ed3ng tr\u1ea1i, ph\u01b0\u01a1ng ti\u1ec7n v\u1eadn chuy\u1ec3n, kh\u1eed tr\u00f9ng m\u00e1ng \u0103n, m\u00e1ng u\u1ed1ng, d\u1ee5ng c\u1ee5, s\u00e1t tr\u00f9ng tr\u1ef1c ti\u1ebfp tr\u00ean v\u1eadt nu\u00f4i.<\/p>\n","protected":false},"featured_media":2929,"comment_status":"open","ping_status":"closed","template":"","meta":[],"product_cat":[76,31],"product_tag":[122],"class_list":{"0":"post-748","1":"product","2":"type-product","3":"status-publish","4":"has-post-thumbnail","6":"product_cat-theo-danh-muc-san-pham","7":"product_cat-thuoc-sat-trung","8":"product_tag-sat-trung","9":"pa_package-100ml-vi","10":"pa_species-gia-cam","11":"pa_species-gia-suc","12":"pa_species-vat-nuoi","14":"first","15":"instock","16":"shipping-taxable","17":"product-type-variable"},"_links":{"self":[{"href":"http:\/\/goldenmed.vn\/vi\/wp-json\/wp\/v2\/product\/748"}],"collection":[{"href":"http:\/\/goldenmed.vn\/vi\/wp-json\/wp\/v2\/product"}],"about":[{"href":"http:\/\/goldenmed.vn\/vi\/wp-json\/wp\/v2\/types\/product"}],"replies":[{"embeddable":true,"href":"http:\/\/goldenmed.vn\/vi\/wp-json\/wp\/v2\/comments?post=748"}],"wp:featuredmedia":[{"embeddable":true,"href":"http:\/\/goldenmed.vn\/vi\/wp-json\/wp\/v2\/media\/2929"}],"wp:attachment":[{"href":"http:\/\/goldenmed.vn\/vi\/wp-json\/wp\/v2\/media?parent=748"}],"wp:term":[{"taxonomy":"product_cat","embeddable":true,"href":"http:\/\/goldenmed.vn\/vi\/wp-json\/wp\/v2\/product_cat?post=748"},{"taxonomy":"product_tag","embeddable":true,"href":"http:\/\/goldenmed.vn\/vi\/wp-json\/wp\/v2\/product_tag?post=748"}],"curies":[{"name":"wp","href":"https:\/\/api.w.org\/{rel}","templated":true}]}}