{"id":753,"date":"2018-02-26T06:14:46","date_gmt":"2018-02-26T06:14:46","guid":{"rendered":"http:\/\/goldenmed.vn\/product\/biolac\/"},"modified":"2018-05-23T08:52:37","modified_gmt":"2018-05-23T08:52:37","slug":"biolac","status":"publish","type":"product","link":"http:\/\/goldenmed.vn\/vi\/product\/biolac\/","title":{"rendered":"BIOLAC"},"content":{"rendered":"<p>\u1ee8c ch\u1ebf sinh tr\u01b0\u1edfng ho\u1eb7c ti\u00eau di\u1ec7t m\u1ed9t s\u1ed1 vi sinh v\u1eadt, vi khu\u1ea9n g\u00e2y\u00a0<a href=\"http:\/\/healthplus.vn\/healthplus.vn\/cang-thang-tram-cam-do-cac-benh-duong-tieu-hoa-d46709.%20html\">b\u1ec7nh \u0111\u01b0\u1eddng ti\u00eau h\u00f3a<\/a>.<\/p>\n<p>Gi\u00fap c\u00e2n b\u1eb1ng h\u1ec7 vi sinh c\u00f3 \u00edch trong \u0111\u01b0\u1eddng ru\u1ed9t, c\u1ea3i thi\u1ec7n h\u1ec7 th\u1ed1ng ti\u00eau h\u00f3a, nh\u1ea5t l\u00e0 trong tr\u01b0\u1eddng h\u1ee3p d\u00f9ng kh\u00e1ng sinh k\u00e9o d\u00e0i v\u00ec s\u1ed1 l\u01b0\u1ee3ng vi khu\u1ea9n c\u00f3 l\u1ee3i b\u1ecb suy gi\u1ea3m nghi\u00eam tr\u1ecdng.<\/p>\n<p>Gi\u00fap ph\u00f2ng ng\u1eeba m\u1ed9t s\u1ed1 tri\u1ec7u ch\u1ee9ng th\u01b0\u1eddng g\u1eb7p khi h\u1ec7 th\u1ed1ng ti\u00eau h\u00f3a b\u1ecb suy y\u1ebfu nh\u01b0\u00a0<a href=\"http:\/\/healthplus.vn\/benh-tieu-chay-cd15\/p2\">ti\u00eau ch\u1ea3y<\/a>, t\u00e1o b\u00f3n v\u00e0 co th\u1eaft ru\u1ed9t.<\/p>\n<p>Vi\u1ec7c b\u1ed5 sung l\u1ee3i khu\u1ea9n s\u1ebd gi\u00fap t\u1ea1o ra h\u1ec7 vi khu\u1ea9n c\u00f3 l\u1ee3i cho h\u1ec7 ti\u00eau h\u00f3a, cung c\u1ea5p th\u00eam ch\u1ea5t dinh d\u01b0\u1ee1ng v\u00e0 gi\u00fap h\u1ec7 mi\u1ec5n d\u1ecbch kh\u1ecfe m\u1ea1nh.<\/p>\n","protected":false},"excerpt":{"rendered":"<p>\u1ee8c ch\u1ebf sinh tr\u01b0\u1edfng ho\u1eb7c ti\u00eau di\u1ec7t m\u1ed9t s\u1ed1 vi sinh v\u1eadt, vi khu\u1ea9n g\u00e2y\u00a0b\u1ec7nh \u0111\u01b0\u1eddng ti\u00eau h\u00f3a. Gi\u00fap c\u00e2n b\u1eb1ng h\u1ec7 vi sinh c\u00f3 \u00edch trong \u0111\u01b0\u1eddng ru\u1ed9t, c\u1ea3i thi\u1ec7n h\u1ec7 th\u1ed1ng ti\u00eau h\u00f3a, nh\u1ea5t l\u00e0 trong tr\u01b0\u1eddng h\u1ee3p d\u00f9ng kh\u00e1ng sinh k\u00e9o d\u00e0i v\u00ec s\u1ed1 l\u01b0\u1ee3ng vi khu\u1ea9n c\u00f3 l\u1ee3i b\u1ecb suy gi\u1ea3m [&hellip;]<\/p>\n","protected":false},"featured_media":0,"comment_status":"open","ping_status":"closed","template":"","meta":[],"product_cat":[27,76],"product_tag":[138],"class_list":{"0":"post-753","1":"product","2":"type-product","3":"status-publish","5":"product_cat-che-pham-sinh-hoc","6":"product_cat-theo-danh-muc-san-pham","7":"product_tag-bot-hoa-tan","8":"pa_package-100g-vi","9":"pa_package-1kg","10":"pa_species-gia-cam","11":"pa_species-gia-suc","12":"pa_species-vat-nuoi","14":"first","15":"instock","16":"shipping-taxable","17":"product-type-variable"},"_links":{"self":[{"href":"http:\/\/goldenmed.vn\/vi\/wp-json\/wp\/v2\/product\/753"}],"collection":[{"href":"http:\/\/goldenmed.vn\/vi\/wp-json\/wp\/v2\/product"}],"about":[{"href":"http:\/\/goldenmed.vn\/vi\/wp-json\/wp\/v2\/types\/product"}],"replies":[{"embeddable":true,"href":"http:\/\/goldenmed.vn\/vi\/wp-json\/wp\/v2\/comments?post=753"}],"wp:attachment":[{"href":"http:\/\/goldenmed.vn\/vi\/wp-json\/wp\/v2\/media?parent=753"}],"wp:term":[{"taxonomy":"product_cat","embeddable":true,"href":"http:\/\/goldenmed.vn\/vi\/wp-json\/wp\/v2\/product_cat?post=753"},{"taxonomy":"product_tag","embeddable":true,"href":"http:\/\/goldenmed.vn\/vi\/wp-json\/wp\/v2\/product_tag?post=753"}],"curies":[{"name":"wp","href":"https:\/\/api.w.org\/{rel}","templated":true}]}}