{"id":763,"date":"2018-03-20T02:27:59","date_gmt":"2018-03-20T02:27:59","guid":{"rendered":"http:\/\/goldenmed.vn\/product\/flotylan\/"},"modified":"2018-05-23T07:56:46","modified_gmt":"2018-05-23T07:56:46","slug":"flotylan","status":"publish","type":"product","link":"http:\/\/goldenmed.vn\/vi\/product\/flotylan\/","title":{"rendered":"FLOTYLAN"},"content":{"rendered":"<p>Tr\u1ecb b\u1ec7nh \u0111\u01b0\u1eddng h\u00f4 h\u1ea5p, ti\u00eau h\u00f3a tr\u00ean tr\u00e2u, b\u00f2, d\u00ea, c\u1eebu, heo, ch\u00f3, m\u00e8o, g\u00e0, v\u1ecbt.<\/p>\n","protected":false},"excerpt":{"rendered":"<p>Tr\u1ecb b\u1ec7nh \u0111\u01b0\u1eddng h\u00f4 h\u1ea5p, ti\u00eau h\u00f3a tr\u00ean tr\u00e2u, b\u00f2, d\u00ea, c\u1eebu, heo, ch\u00f3, m\u00e8o, g\u00e0, v\u1ecbt.<\/p>\n","protected":false},"featured_media":2941,"comment_status":"open","ping_status":"closed","template":"","meta":[],"product_cat":[76,25],"product_tag":[121],"class_list":{"0":"post-763","1":"product","2":"type-product","3":"status-publish","4":"has-post-thumbnail","6":"product_cat-theo-danh-muc-san-pham","7":"product_cat-thuoc-khang-sinh","8":"product_tag-dd-tiem","9":"pa_package-50ml-vi","11":"first","12":"instock","13":"shipping-taxable","14":"product-type-variable"},"_links":{"self":[{"href":"http:\/\/goldenmed.vn\/vi\/wp-json\/wp\/v2\/product\/763"}],"collection":[{"href":"http:\/\/goldenmed.vn\/vi\/wp-json\/wp\/v2\/product"}],"about":[{"href":"http:\/\/goldenmed.vn\/vi\/wp-json\/wp\/v2\/types\/product"}],"replies":[{"embeddable":true,"href":"http:\/\/goldenmed.vn\/vi\/wp-json\/wp\/v2\/comments?post=763"}],"wp:featuredmedia":[{"embeddable":true,"href":"http:\/\/goldenmed.vn\/vi\/wp-json\/wp\/v2\/media\/2941"}],"wp:attachment":[{"href":"http:\/\/goldenmed.vn\/vi\/wp-json\/wp\/v2\/media?parent=763"}],"wp:term":[{"taxonomy":"product_cat","embeddable":true,"href":"http:\/\/goldenmed.vn\/vi\/wp-json\/wp\/v2\/product_cat?post=763"},{"taxonomy":"product_tag","embeddable":true,"href":"http:\/\/goldenmed.vn\/vi\/wp-json\/wp\/v2\/product_tag?post=763"}],"curies":[{"name":"wp","href":"https:\/\/api.w.org\/{rel}","templated":true}]}}