{"id":770,"date":"2018-03-20T03:34:49","date_gmt":"2018-03-20T03:34:49","guid":{"rendered":"http:\/\/goldenmed.vn\/product\/marbofloxacin-100\/"},"modified":"2018-05-23T08:06:05","modified_gmt":"2018-05-23T08:06:05","slug":"marbofloxacin-100","status":"publish","type":"product","link":"http:\/\/goldenmed.vn\/vi\/product\/marbofloxacin-100\/","title":{"rendered":"MARBOFLOXACIN 100"},"content":{"rendered":"<ul>\n<li>Tr\u00ean heo: vi\u00eam ph\u1ed5i, vi\u00eam m\u00e0ng ph\u1ed5i (APP), suy\u1ec5n heo do Mycoplasma, b\u1ec7nh t\u1ee5 huy\u1ebft tr\u00f9ng (Pasteurella), Streptococcus spp, Haemophilus spp, vi\u00eam t\u1eed cung, vi\u00eam v\u00fa (MMA), s\u01b0ng kh\u1edbp, c\u00e1c v\u1ebft th\u01b0\u01a1ng do nhi\u1ec5m tr\u00f9ng, b\u1ec7nh ti\u00eau ch\u1ea3y tr\u00ean heo con do E.Coli v\u00e0 c\u00e1c ch\u1ee9ng vi\u00eam nhi\u1ec5m kh\u00e1c.<\/li>\n<li>Tr\u00ean b\u00f2: vi\u00eam v\u00fa, vi\u00eam t\u1eed cung, b\u1ec7nh h\u00f4 h\u1ea5p do Pasteurella multocida, Pasteurella haemolytica, Haemophilus somnus, Mycoplasma bovis, \u2026 v\u00e0 c\u00e1c nguy\u00ean nh\u00e2n ti\u00eau ch\u1ea3y kh\u00e1c.<\/li>\n<\/ul>\n","protected":false},"excerpt":{"rendered":"<p>Tr\u00ean heo: vi\u00eam ph\u1ed5i, vi\u00eam m\u00e0ng ph\u1ed5i (APP), suy\u1ec5n heo do Mycoplasma, b\u1ec7nh t\u1ee5 huy\u1ebft tr\u00f9ng (Pasteurella), Streptococcus spp, Haemophilus spp, vi\u00eam t\u1eed cung, vi\u00eam v\u00fa (MMA), s\u01b0ng kh\u1edbp, c\u00e1c v\u1ebft th\u01b0\u01a1ng do nhi\u1ec5m tr\u00f9ng, b\u1ec7nh ti\u00eau ch\u1ea3y tr\u00ean heo con do E.Coli v\u00e0 c\u00e1c ch\u1ee9ng vi\u00eam nhi\u1ec5m kh\u00e1c. Tr\u00ean b\u00f2: vi\u00eam v\u00fa, vi\u00eam t\u1eed [&hellip;]<\/p>\n","protected":false},"featured_media":2953,"comment_status":"open","ping_status":"closed","template":"","meta":[],"product_cat":[76,25],"product_tag":[121],"class_list":{"0":"post-770","1":"product","2":"type-product","3":"status-publish","4":"has-post-thumbnail","6":"product_cat-theo-danh-muc-san-pham","7":"product_cat-thuoc-khang-sinh","8":"product_tag-dd-tiem","9":"pa_package-100ml-vi","10":"pa_package-20ml-vi","12":"first","13":"instock","14":"shipping-taxable","15":"product-type-variable"},"_links":{"self":[{"href":"http:\/\/goldenmed.vn\/vi\/wp-json\/wp\/v2\/product\/770"}],"collection":[{"href":"http:\/\/goldenmed.vn\/vi\/wp-json\/wp\/v2\/product"}],"about":[{"href":"http:\/\/goldenmed.vn\/vi\/wp-json\/wp\/v2\/types\/product"}],"replies":[{"embeddable":true,"href":"http:\/\/goldenmed.vn\/vi\/wp-json\/wp\/v2\/comments?post=770"}],"wp:featuredmedia":[{"embeddable":true,"href":"http:\/\/goldenmed.vn\/vi\/wp-json\/wp\/v2\/media\/2953"}],"wp:attachment":[{"href":"http:\/\/goldenmed.vn\/vi\/wp-json\/wp\/v2\/media?parent=770"}],"wp:term":[{"taxonomy":"product_cat","embeddable":true,"href":"http:\/\/goldenmed.vn\/vi\/wp-json\/wp\/v2\/product_cat?post=770"},{"taxonomy":"product_tag","embeddable":true,"href":"http:\/\/goldenmed.vn\/vi\/wp-json\/wp\/v2\/product_tag?post=770"}],"curies":[{"name":"wp","href":"https:\/\/api.w.org\/{rel}","templated":true}]}}