{"id":778,"date":"2018-03-21T01:51:47","date_gmt":"2018-03-21T01:51:47","guid":{"rendered":"http:\/\/goldenmed.vn\/product\/speclin-d\/"},"modified":"2018-03-21T01:58:27","modified_gmt":"2018-03-21T01:58:27","slug":"speclin-d","status":"publish","type":"product","link":"http:\/\/goldenmed.vn\/vi\/product\/speclin-d\/","title":{"rendered":"SPECLIN D"},"content":{"rendered":"<p>Tr\u1ecb c\u00e1c b\u1ec7nh: vi\u00eam ph\u1ed5i, CRD, suy\u1ec5n l\u1ee3n, vi\u00eam xoang m\u0169i v\u1ecbt, vi\u00eam v\u00fa, vi\u00eam t\u1eed cung, s\u1ea9y thai truy\u1ec1n nhi\u1ec5m.<\/p>\n<p><strong>\u00a0<\/strong><\/p>\n","protected":false},"excerpt":{"rendered":"<p>Tr\u1ecb c\u00e1c b\u1ec7nh: vi\u00eam ph\u1ed5i, CRD, suy\u1ec5n l\u1ee3n, vi\u00eam xoang m\u0169i v\u1ecbt, vi\u00eam v\u00fa, vi\u00eam t\u1eed cung, s\u1ea9y thai truy\u1ec1n nhi\u1ec5m. \u00a0<\/p>\n","protected":false},"featured_media":2963,"comment_status":"open","ping_status":"closed","template":"","meta":[],"product_cat":[76,25],"product_tag":[121],"class_list":{"0":"post-778","1":"product","2":"type-product","3":"status-publish","4":"has-post-thumbnail","6":"product_cat-theo-danh-muc-san-pham","7":"product_cat-thuoc-khang-sinh","8":"product_tag-dd-tiem","9":"pa_package-100ml-vi","11":"first","12":"instock","13":"shipping-taxable","14":"product-type-variable"},"_links":{"self":[{"href":"http:\/\/goldenmed.vn\/vi\/wp-json\/wp\/v2\/product\/778"}],"collection":[{"href":"http:\/\/goldenmed.vn\/vi\/wp-json\/wp\/v2\/product"}],"about":[{"href":"http:\/\/goldenmed.vn\/vi\/wp-json\/wp\/v2\/types\/product"}],"replies":[{"embeddable":true,"href":"http:\/\/goldenmed.vn\/vi\/wp-json\/wp\/v2\/comments?post=778"}],"wp:featuredmedia":[{"embeddable":true,"href":"http:\/\/goldenmed.vn\/vi\/wp-json\/wp\/v2\/media\/2963"}],"wp:attachment":[{"href":"http:\/\/goldenmed.vn\/vi\/wp-json\/wp\/v2\/media?parent=778"}],"wp:term":[{"taxonomy":"product_cat","embeddable":true,"href":"http:\/\/goldenmed.vn\/vi\/wp-json\/wp\/v2\/product_cat?post=778"},{"taxonomy":"product_tag","embeddable":true,"href":"http:\/\/goldenmed.vn\/vi\/wp-json\/wp\/v2\/product_tag?post=778"}],"curies":[{"name":"wp","href":"https:\/\/api.w.org\/{rel}","templated":true}]}}