{"id":798,"date":"2018-03-21T02:47:49","date_gmt":"2018-03-21T02:47:49","guid":{"rendered":"http:\/\/goldenmed.vn\/product\/terramycin-la\/"},"modified":"2018-03-21T02:52:56","modified_gmt":"2018-03-21T02:52:56","slug":"terramycin-la","status":"publish","type":"product","link":"http:\/\/goldenmed.vn\/vi\/product\/terramycin-la\/","title":{"rendered":"TERRAMYCIN LA"},"content":{"rendered":"<ul>\n<li>\u0110i\u1ec1u tr\u1ecb c\u00e1c b\u1ec7nh ti\u00eau ch\u1ea3y, vi\u00eam ru\u1ed9t, t\u1ee5 huy\u1ebft tr\u00f9ng, \u0111\u00f3ng d\u1ea5u son, h\u1ed9i ch\u1ee9ng vi\u00eam v\u00fa \u2013 vi\u00eam t\u1eed cung \u2013 m\u1ea5t s\u1eefa (MMA) \u1edf heo n\u00e1i.<\/li>\n<li>B\u1ec7nh suy\u1ec5n, c\u00fam \u1edf l\u1ee3n, b\u1ec7nh h\u00f4 h\u1ea5p m\u00e3n t\u00ednh (CRD) \u1edf g\u00e0, vi\u00eam xoang m\u0169i v\u1ecbt.<\/li>\n<li>Nhi\u1ec5m tr\u00f9ng sau ph\u1eabu thu\u1eadt, vi\u00eam kh\u1edbp, \u0111au m\u00f3ng \u1edf gia s\u00fac, gia c\u1ea7m.<\/li>\n<\/ul>\n","protected":false},"excerpt":{"rendered":"<p>\u0110i\u1ec1u tr\u1ecb c\u00e1c b\u1ec7nh ti\u00eau ch\u1ea3y, vi\u00eam ru\u1ed9t, t\u1ee5 huy\u1ebft tr\u00f9ng, \u0111\u00f3ng d\u1ea5u son, h\u1ed9i ch\u1ee9ng vi\u00eam v\u00fa \u2013 vi\u00eam t\u1eed cung \u2013 m\u1ea5t s\u1eefa (MMA) \u1edf heo n\u00e1i. B\u1ec7nh suy\u1ec5n, c\u00fam \u1edf l\u1ee3n, b\u1ec7nh h\u00f4 h\u1ea5p m\u00e3n t\u00ednh (CRD) \u1edf g\u00e0, vi\u00eam xoang m\u0169i v\u1ecbt. Nhi\u1ec5m tr\u00f9ng sau ph\u1eabu thu\u1eadt, vi\u00eam kh\u1edbp, \u0111au m\u00f3ng [&hellip;]<\/p>\n","protected":false},"featured_media":2991,"comment_status":"open","ping_status":"closed","template":"","meta":[],"product_cat":[76,25],"product_tag":[121],"class_list":{"0":"post-798","1":"product","2":"type-product","3":"status-publish","4":"has-post-thumbnail","6":"product_cat-theo-danh-muc-san-pham","7":"product_cat-thuoc-khang-sinh","8":"product_tag-dd-tiem","9":"pa_package-100ml-vi","11":"first","12":"instock","13":"shipping-taxable","14":"product-type-variable"},"_links":{"self":[{"href":"http:\/\/goldenmed.vn\/vi\/wp-json\/wp\/v2\/product\/798"}],"collection":[{"href":"http:\/\/goldenmed.vn\/vi\/wp-json\/wp\/v2\/product"}],"about":[{"href":"http:\/\/goldenmed.vn\/vi\/wp-json\/wp\/v2\/types\/product"}],"replies":[{"embeddable":true,"href":"http:\/\/goldenmed.vn\/vi\/wp-json\/wp\/v2\/comments?post=798"}],"wp:featuredmedia":[{"embeddable":true,"href":"http:\/\/goldenmed.vn\/vi\/wp-json\/wp\/v2\/media\/2991"}],"wp:attachment":[{"href":"http:\/\/goldenmed.vn\/vi\/wp-json\/wp\/v2\/media?parent=798"}],"wp:term":[{"taxonomy":"product_cat","embeddable":true,"href":"http:\/\/goldenmed.vn\/vi\/wp-json\/wp\/v2\/product_cat?post=798"},{"taxonomy":"product_tag","embeddable":true,"href":"http:\/\/goldenmed.vn\/vi\/wp-json\/wp\/v2\/product_tag?post=798"}],"curies":[{"name":"wp","href":"https:\/\/api.w.org\/{rel}","templated":true}]}}