{"id":805,"date":"2018-03-21T06:16:28","date_gmt":"2018-03-21T06:16:28","guid":{"rendered":"http:\/\/goldenmed.vn\/product\/thiam-sone\/"},"modified":"2018-05-23T08:14:27","modified_gmt":"2018-05-23T08:14:27","slug":"thiam-sone","status":"publish","type":"product","link":"http:\/\/goldenmed.vn\/vi\/product\/thiam-sone\/","title":{"rendered":"THIAM \u2013 SONE"},"content":{"rendered":"<p>\u0110\u1eb7c tr\u1ecb nhi\u1ec5m tr\u00f9ng do c\u00e1c vi khu\u1ea9n gram (-), gram (+) g\u00e2y c\u00e1c b\u1ec7nh: th\u01b0\u01a1ng h\u00e0n, t\u1ee5 huy\u1ebft tr\u00f9ng, vi\u00eam ru\u1ed9t, ti\u00eau ch\u1ea3y, s\u1ed1t b\u1ecf \u0103n, vi\u00eam ph\u1ed5i, vi\u00eam kh\u1edbp, \u0111au m\u00f3ng, vi\u00eam \u0111\u01b0\u1eddng ti\u1ec3u \u2013 b\u00e0ng quang, vi\u00eam t\u1eed cung, vi\u00eam v\u00fa \u1edf gia s\u00fac, gia c\u1ea7m.<\/p>\n","protected":false},"excerpt":{"rendered":"<p>\u0110\u1eb7c tr\u1ecb nhi\u1ec5m tr\u00f9ng do c\u00e1c vi khu\u1ea9n gram (-), gram (+) g\u00e2y c\u00e1c b\u1ec7nh: th\u01b0\u01a1ng h\u00e0n, t\u1ee5 huy\u1ebft tr\u00f9ng, vi\u00eam ru\u1ed9t, ti\u00eau ch\u1ea3y, s\u1ed1t b\u1ecf \u0103n, vi\u00eam ph\u1ed5i, vi\u00eam kh\u1edbp, \u0111au m\u00f3ng, vi\u00eam \u0111\u01b0\u1eddng ti\u1ec3u \u2013 b\u00e0ng quang, vi\u00eam t\u1eed cung, vi\u00eam v\u00fa \u1edf gia s\u00fac, gia c\u1ea7m.<\/p>\n","protected":false},"featured_media":2245,"comment_status":"open","ping_status":"closed","template":"","meta":[],"product_cat":[76,25],"product_tag":[121],"class_list":{"0":"post-805","1":"product","2":"type-product","3":"status-publish","4":"has-post-thumbnail","6":"product_cat-theo-danh-muc-san-pham","7":"product_cat-thuoc-khang-sinh","8":"product_tag-dd-tiem","9":"pa_package-100ml-vi","11":"first","12":"instock","13":"shipping-taxable","14":"product-type-variable"},"_links":{"self":[{"href":"http:\/\/goldenmed.vn\/vi\/wp-json\/wp\/v2\/product\/805"}],"collection":[{"href":"http:\/\/goldenmed.vn\/vi\/wp-json\/wp\/v2\/product"}],"about":[{"href":"http:\/\/goldenmed.vn\/vi\/wp-json\/wp\/v2\/types\/product"}],"replies":[{"embeddable":true,"href":"http:\/\/goldenmed.vn\/vi\/wp-json\/wp\/v2\/comments?post=805"}],"wp:featuredmedia":[{"embeddable":true,"href":"http:\/\/goldenmed.vn\/vi\/wp-json\/wp\/v2\/media\/2245"}],"wp:attachment":[{"href":"http:\/\/goldenmed.vn\/vi\/wp-json\/wp\/v2\/media?parent=805"}],"wp:term":[{"taxonomy":"product_cat","embeddable":true,"href":"http:\/\/goldenmed.vn\/vi\/wp-json\/wp\/v2\/product_cat?post=805"},{"taxonomy":"product_tag","embeddable":true,"href":"http:\/\/goldenmed.vn\/vi\/wp-json\/wp\/v2\/product_tag?post=805"}],"curies":[{"name":"wp","href":"https:\/\/api.w.org\/{rel}","templated":true}]}}