{"id":812,"date":"2018-03-21T06:35:41","date_gmt":"2018-03-21T06:35:41","guid":{"rendered":"http:\/\/goldenmed.vn\/product\/ticosone\/"},"modified":"2018-05-23T08:20:27","modified_gmt":"2018-05-23T08:20:27","slug":"ticosone","status":"publish","type":"product","link":"http:\/\/goldenmed.vn\/vi\/product\/ticosone\/","title":{"rendered":"TICOSONE"},"content":{"rendered":"<p>\u0110i\u1ec1u tr\u1ecb c\u00e1c b\u1ec7nh vi\u00eam ph\u1ed5i, CRD, suy\u1ec5n l\u1ee3n, t\u1ee5 huy\u1ebft tr\u00f9ng, vi\u00eam ru\u1ed9t, ti\u00eau ch\u1ea3y, th\u01b0\u01a1ng h\u00e0n, vi\u00eam t\u1eed cung, vi\u00eam v\u00fa, vi\u00eam m\u1eaft (do Chlamydia) \u1edf gia s\u00fac, gia c\u1ea7m.<\/p>\n<p><strong>\u00a0<\/strong><\/p>\n","protected":false},"excerpt":{"rendered":"<p>\u0110i\u1ec1u tr\u1ecb c\u00e1c b\u1ec7nh vi\u00eam ph\u1ed5i, CRD, suy\u1ec5n l\u1ee3n, t\u1ee5 huy\u1ebft tr\u00f9ng, vi\u00eam ru\u1ed9t, ti\u00eau ch\u1ea3y, th\u01b0\u01a1ng h\u00e0n, vi\u00eam t\u1eed cung, vi\u00eam v\u00fa, vi\u00eam m\u1eaft (do Chlamydia) \u1edf gia s\u00fac, gia c\u1ea7m. \u00a0<\/p>\n","protected":false},"featured_media":2971,"comment_status":"open","ping_status":"closed","template":"","meta":[],"product_cat":[76,25],"product_tag":[121],"class_list":{"0":"post-812","1":"product","2":"type-product","3":"status-publish","4":"has-post-thumbnail","6":"product_cat-theo-danh-muc-san-pham","7":"product_cat-thuoc-khang-sinh","8":"product_tag-dd-tiem","9":"pa_package-50ml-vi","11":"first","12":"instock","13":"shipping-taxable","14":"product-type-variable"},"_links":{"self":[{"href":"http:\/\/goldenmed.vn\/vi\/wp-json\/wp\/v2\/product\/812"}],"collection":[{"href":"http:\/\/goldenmed.vn\/vi\/wp-json\/wp\/v2\/product"}],"about":[{"href":"http:\/\/goldenmed.vn\/vi\/wp-json\/wp\/v2\/types\/product"}],"replies":[{"embeddable":true,"href":"http:\/\/goldenmed.vn\/vi\/wp-json\/wp\/v2\/comments?post=812"}],"wp:featuredmedia":[{"embeddable":true,"href":"http:\/\/goldenmed.vn\/vi\/wp-json\/wp\/v2\/media\/2971"}],"wp:attachment":[{"href":"http:\/\/goldenmed.vn\/vi\/wp-json\/wp\/v2\/media?parent=812"}],"wp:term":[{"taxonomy":"product_cat","embeddable":true,"href":"http:\/\/goldenmed.vn\/vi\/wp-json\/wp\/v2\/product_cat?post=812"},{"taxonomy":"product_tag","embeddable":true,"href":"http:\/\/goldenmed.vn\/vi\/wp-json\/wp\/v2\/product_tag?post=812"}],"curies":[{"name":"wp","href":"https:\/\/api.w.org\/{rel}","templated":true}]}}