{"id":877,"date":"2018-03-26T03:55:30","date_gmt":"2018-03-26T03:55:30","guid":{"rendered":"http:\/\/goldenmed.vn\/product\/cefti-1000\/"},"modified":"2018-05-23T03:00:18","modified_gmt":"2018-05-23T03:00:18","slug":"cefti-1000","status":"publish","type":"product","link":"http:\/\/goldenmed.vn\/vi\/product\/cefti-1000\/","title":{"rendered":"CEFTI 1000"},"content":{"rendered":"<ul>\n<li>Tr\u1ecb b\u1ec7nh \u0111\u01b0\u1eddng h\u00f4 h\u1ea5p: hen, suy\u1ec5n, vi\u00eam h\u00f4 h\u1ea5p m\u00e3n t\u00ednh (CRD), vi\u00eam ph\u1ed5i, vi\u00eam m\u00e0ng ph\u1ed5i, c\u00e1c b\u1ec7nh nhi\u1ec5m tr\u00f9ng g\u00e2y ra b\u1edf c\u00e1c vi khu\u1ea9n nh\u1ea1y c\u1ea3m v\u1edbi Ceftiofur: t\u1ee5 huy\u1ebft tr\u00f9ng, vi\u00eam t\u1eed cung, vi\u00eam v\u00fa, th\u1ed1i m\u00f3ng, vi\u00eam da.&nbsp;<\/li>\n<\/ul>\n","protected":false},"excerpt":{"rendered":"<p>Tr\u1ecb b\u1ec7nh \u0111\u01b0\u1eddng h\u00f4 h\u1ea5p: hen, suy\u1ec5n, vi\u00eam h\u00f4 h\u1ea5p m\u00e3n t\u00ednh (CRD), vi\u00eam ph\u1ed5i, vi\u00eam m\u00e0ng ph\u1ed5i, c\u00e1c b\u1ec7nh nhi\u1ec5m tr\u00f9ng g\u00e2y ra b\u1edf c\u00e1c vi khu\u1ea9n nh\u1ea1y c\u1ea3m v\u1edbi Ceftiofur: t\u1ee5 huy\u1ebft tr\u00f9ng, vi\u00eam t\u1eed cung, vi\u00eam v\u00fa, th\u1ed1i m\u00f3ng, vi\u00eam da.&nbsp;<\/p>\n","protected":false},"featured_media":3199,"comment_status":"open","ping_status":"closed","template":"","meta":[],"product_cat":[76,25],"product_tag":[123,124],"class_list":{"0":"post-877","1":"product","2":"type-product","3":"status-publish","4":"has-post-thumbnail","6":"product_cat-theo-danh-muc-san-pham","7":"product_cat-thuoc-khang-sinh","8":"product_tag-hd-tiem","9":"product_tag-la-vi","10":"pa_package-100ml-vi","12":"first","13":"instock","14":"shipping-taxable","15":"product-type-variable"},"_links":{"self":[{"href":"http:\/\/goldenmed.vn\/vi\/wp-json\/wp\/v2\/product\/877"}],"collection":[{"href":"http:\/\/goldenmed.vn\/vi\/wp-json\/wp\/v2\/product"}],"about":[{"href":"http:\/\/goldenmed.vn\/vi\/wp-json\/wp\/v2\/types\/product"}],"replies":[{"embeddable":true,"href":"http:\/\/goldenmed.vn\/vi\/wp-json\/wp\/v2\/comments?post=877"}],"wp:featuredmedia":[{"embeddable":true,"href":"http:\/\/goldenmed.vn\/vi\/wp-json\/wp\/v2\/media\/3199"}],"wp:attachment":[{"href":"http:\/\/goldenmed.vn\/vi\/wp-json\/wp\/v2\/media?parent=877"}],"wp:term":[{"taxonomy":"product_cat","embeddable":true,"href":"http:\/\/goldenmed.vn\/vi\/wp-json\/wp\/v2\/product_cat?post=877"},{"taxonomy":"product_tag","embeddable":true,"href":"http:\/\/goldenmed.vn\/vi\/wp-json\/wp\/v2\/product_tag?post=877"}],"curies":[{"name":"wp","href":"https:\/\/api.w.org\/{rel}","templated":true}]}}