{"id":907,"date":"2018-03-27T02:55:54","date_gmt":"2018-03-27T02:55:54","guid":{"rendered":"http:\/\/goldenmed.vn\/product\/dexaject-200\/"},"modified":"2018-05-23T07:05:38","modified_gmt":"2018-05-23T07:05:38","slug":"dexaject-200","status":"publish","type":"product","link":"http:\/\/goldenmed.vn\/vi\/product\/dexaject-200\/","title":{"rendered":"DEXAJECT \u2013 200"},"content":{"rendered":"<p>Kh\u00e1ng vi\u00eam trong c\u00e1c b\u1ec7nh nhi\u1ec5m tr\u00f9ng: vi\u00eam ph\u1ed5i c\u1ea5p t\u00ednh, t\u1ee5 huy\u1ebft tr\u00f9ng, vi\u00eam kh\u1edbp, \u0111au m\u00f3ng, vi\u00eam t\u1eed cung, nhi\u1ec5m tr\u00f9ng da&#8230;ho\u1eb7c c\u00e1c tr\u01b0\u1eddng h\u1ee3p vi\u00eam kh\u00f4ng do nhi\u1ec5m tr\u00f9ng nh\u01b0: \u0111au c\u01a1, s\u01b0ng kh\u1edbp do t\u00e9 ng\u00e3, ch\u1ed1ng d\u1ecb \u1ee9ng, ch\u1ed1ng stress.<\/p>\n<p><strong>\u00a0<\/strong><\/p>\n","protected":false},"excerpt":{"rendered":"<p>Kh\u00e1ng vi\u00eam trong c\u00e1c b\u1ec7nh nhi\u1ec5m tr\u00f9ng: vi\u00eam ph\u1ed5i c\u1ea5p t\u00ednh, t\u1ee5 huy\u1ebft tr\u00f9ng, vi\u00eam kh\u1edbp, \u0111au m\u00f3ng, vi\u00eam t\u1eed cung, nhi\u1ec5m tr\u00f9ng da&#8230;ho\u1eb7c c\u00e1c tr\u01b0\u1eddng h\u1ee3p vi\u00eam kh\u00f4ng do nhi\u1ec5m tr\u00f9ng nh\u01b0: \u0111au c\u01a1, s\u01b0ng kh\u1edbp do t\u00e9 ng\u00e3, ch\u1ed1ng d\u1ecb \u1ee9ng, ch\u1ed1ng stress. \u00a0<\/p>\n","protected":false},"featured_media":2874,"comment_status":"open","ping_status":"closed","template":"","meta":[],"product_cat":[30,76],"product_tag":[121],"class_list":{"0":"post-907","1":"product","2":"type-product","3":"status-publish","4":"has-post-thumbnail","6":"product_cat-ha-sot-giam-dau-khang-viem","7":"product_cat-theo-danh-muc-san-pham","8":"product_tag-dd-tiem","9":"pa_package-100ml-vi","11":"first","12":"instock","13":"shipping-taxable","14":"product-type-variable"},"_links":{"self":[{"href":"http:\/\/goldenmed.vn\/vi\/wp-json\/wp\/v2\/product\/907"}],"collection":[{"href":"http:\/\/goldenmed.vn\/vi\/wp-json\/wp\/v2\/product"}],"about":[{"href":"http:\/\/goldenmed.vn\/vi\/wp-json\/wp\/v2\/types\/product"}],"replies":[{"embeddable":true,"href":"http:\/\/goldenmed.vn\/vi\/wp-json\/wp\/v2\/comments?post=907"}],"wp:featuredmedia":[{"embeddable":true,"href":"http:\/\/goldenmed.vn\/vi\/wp-json\/wp\/v2\/media\/2874"}],"wp:attachment":[{"href":"http:\/\/goldenmed.vn\/vi\/wp-json\/wp\/v2\/media?parent=907"}],"wp:term":[{"taxonomy":"product_cat","embeddable":true,"href":"http:\/\/goldenmed.vn\/vi\/wp-json\/wp\/v2\/product_cat?post=907"},{"taxonomy":"product_tag","embeddable":true,"href":"http:\/\/goldenmed.vn\/vi\/wp-json\/wp\/v2\/product_tag?post=907"}],"curies":[{"name":"wp","href":"https:\/\/api.w.org\/{rel}","templated":true}]}}