{"id":919,"date":"2018-03-27T03:23:06","date_gmt":"2018-03-27T03:23:06","guid":{"rendered":"http:\/\/goldenmed.vn\/product\/t-f-a\/"},"modified":"2018-06-23T03:05:09","modified_gmt":"2018-06-23T03:05:09","slug":"t-f-a","status":"publish","type":"product","link":"http:\/\/goldenmed.vn\/vi\/product\/t-f-a\/","title":{"rendered":"T &#8211; F &#8211; A"},"content":{"rendered":"<p>D\u00f9ng gi\u1ea3m \u0111au, h\u1ea1 s\u1ed1t, kh\u00e1ng vi\u00eam, kh\u00e1ng \u0111\u1ed9c t\u1ed1 trong b\u1ec7nh \u0111\u01b0\u1eddng h\u00f4 h\u1ea5p, vi\u00eam v\u00fa, vi\u00eam t\u1eed cung, m\u1ea5t s\u1eefa (MMA).<\/p>\n","protected":false},"excerpt":{"rendered":"<p>D\u00f9ng gi\u1ea3m \u0111au, h\u1ea1 s\u1ed1t, kh\u00e1ng vi\u00eam, kh\u00e1ng \u0111\u1ed9c t\u1ed1 trong b\u1ec7nh \u0111\u01b0\u1eddng h\u00f4 h\u1ea5p, vi\u00eam v\u00fa, vi\u00eam t\u1eed cung, m\u1ea5t s\u1eefa (MMA).<\/p>\n","protected":false},"featured_media":2216,"comment_status":"open","ping_status":"closed","template":"","meta":[],"product_cat":[30,76],"product_tag":[121],"class_list":{"0":"post-919","1":"product","2":"type-product","3":"status-publish","4":"has-post-thumbnail","6":"product_cat-ha-sot-giam-dau-khang-viem","7":"product_cat-theo-danh-muc-san-pham","8":"product_tag-dd-tiem","9":"pa_package-100ml-vi","11":"first","12":"instock","13":"shipping-taxable","14":"product-type-variable"},"_links":{"self":[{"href":"http:\/\/goldenmed.vn\/vi\/wp-json\/wp\/v2\/product\/919"}],"collection":[{"href":"http:\/\/goldenmed.vn\/vi\/wp-json\/wp\/v2\/product"}],"about":[{"href":"http:\/\/goldenmed.vn\/vi\/wp-json\/wp\/v2\/types\/product"}],"replies":[{"embeddable":true,"href":"http:\/\/goldenmed.vn\/vi\/wp-json\/wp\/v2\/comments?post=919"}],"wp:featuredmedia":[{"embeddable":true,"href":"http:\/\/goldenmed.vn\/vi\/wp-json\/wp\/v2\/media\/2216"}],"wp:attachment":[{"href":"http:\/\/goldenmed.vn\/vi\/wp-json\/wp\/v2\/media?parent=919"}],"wp:term":[{"taxonomy":"product_cat","embeddable":true,"href":"http:\/\/goldenmed.vn\/vi\/wp-json\/wp\/v2\/product_cat?post=919"},{"taxonomy":"product_tag","embeddable":true,"href":"http:\/\/goldenmed.vn\/vi\/wp-json\/wp\/v2\/product_tag?post=919"}],"curies":[{"name":"wp","href":"https:\/\/api.w.org\/{rel}","templated":true}]}}