{"id":925,"date":"2018-03-27T03:48:33","date_gmt":"2018-03-27T03:48:33","guid":{"rendered":"http:\/\/goldenmed.vn\/product\/ivermectin-1\/"},"modified":"2018-05-23T08:02:07","modified_gmt":"2018-05-23T08:02:07","slug":"ivermectin-1","status":"publish","type":"product","link":"http:\/\/goldenmed.vn\/vi\/product\/ivermectin-1\/","title":{"rendered":"IVERMECTIN 1%"},"content":{"rendered":"<p>\u0110i\u1ec1u tr\u1ecb c\u00e1c b\u1ec7nh:<\/p>\n<ul>\n<li>N\u1ed9i k\u00ed sinh nh\u01b0: giun \u0111\u0169a, giun ph\u1ed5i, giun th\u1eadn v\u00e0 c\u00e1c lo\u1ea1i giun tr\u00f2n: giun m\u00f3c, giun t\u00f3c, giun kim, giun l\u01b0\u01a1n, giun k\u1ebft h\u1ea1t k\u00ed sinh trong \u0111\u01b0\u1eddng ti\u00eau h\u00f3a, h\u00f4 h\u1ea5p c\u1ee7a tr\u00e2u, b\u00f2, l\u1ee3n, d\u00ea, c\u1eebu.<\/li>\n<li>Ngo\u1ea1i k\u00ed sinh nh\u01b0: gh\u1ebb, ch\u00ed, r\u1eadn, b\u1ecd ch\u00e9t, d\u00f2i m\u0169i, d\u00f2i da, m\u00f2ng.<\/li>\n<\/ul>\n","protected":false},"excerpt":{"rendered":"<p>\u0110i\u1ec1u tr\u1ecb c\u00e1c b\u1ec7nh: N\u1ed9i k\u00ed sinh nh\u01b0: giun \u0111\u0169a, giun ph\u1ed5i, giun th\u1eadn v\u00e0 c\u00e1c lo\u1ea1i giun tr\u00f2n: giun m\u00f3c, giun t\u00f3c, giun kim, giun l\u01b0\u01a1n, giun k\u1ebft h\u1ea1t k\u00ed sinh trong \u0111\u01b0\u1eddng ti\u00eau h\u00f3a, h\u00f4 h\u1ea5p c\u1ee7a tr\u00e2u, b\u00f2, l\u1ee3n, d\u00ea, c\u1eebu. Ngo\u1ea1i k\u00ed sinh nh\u01b0: gh\u1ebb, ch\u00ed, r\u1eadn, b\u1ecd ch\u00e9t, d\u00f2i m\u0169i, [&hellip;]<\/p>\n","protected":false},"featured_media":2983,"comment_status":"open","ping_status":"closed","template":"","meta":[],"product_cat":[32,76],"product_tag":[121],"class_list":{"0":"post-925","1":"product","2":"type-product","3":"status-publish","4":"has-post-thumbnail","6":"product_cat-diet-ky-sinh-trung-cau-trung-nam-con-trung","7":"product_cat-theo-danh-muc-san-pham","8":"product_tag-dd-tiem","9":"pa_package-100ml-vi","11":"first","12":"instock","13":"shipping-taxable","14":"product-type-variable"},"_links":{"self":[{"href":"http:\/\/goldenmed.vn\/vi\/wp-json\/wp\/v2\/product\/925"}],"collection":[{"href":"http:\/\/goldenmed.vn\/vi\/wp-json\/wp\/v2\/product"}],"about":[{"href":"http:\/\/goldenmed.vn\/vi\/wp-json\/wp\/v2\/types\/product"}],"replies":[{"embeddable":true,"href":"http:\/\/goldenmed.vn\/vi\/wp-json\/wp\/v2\/comments?post=925"}],"wp:featuredmedia":[{"embeddable":true,"href":"http:\/\/goldenmed.vn\/vi\/wp-json\/wp\/v2\/media\/2983"}],"wp:attachment":[{"href":"http:\/\/goldenmed.vn\/vi\/wp-json\/wp\/v2\/media?parent=925"}],"wp:term":[{"taxonomy":"product_cat","embeddable":true,"href":"http:\/\/goldenmed.vn\/vi\/wp-json\/wp\/v2\/product_cat?post=925"},{"taxonomy":"product_tag","embeddable":true,"href":"http:\/\/goldenmed.vn\/vi\/wp-json\/wp\/v2\/product_tag?post=925"}],"curies":[{"name":"wp","href":"https:\/\/api.w.org\/{rel}","templated":true}]}}