{"id":956,"date":"2018-03-30T09:00:23","date_gmt":"2018-03-30T09:00:23","guid":{"rendered":"http:\/\/goldenmed.vn\/product\/cytasal\/"},"modified":"2018-05-23T03:52:20","modified_gmt":"2018-05-23T03:52:20","slug":"cytasal","status":"publish","type":"product","link":"http:\/\/goldenmed.vn\/vi\/product\/cytasal\/","title":{"rendered":"CYTASAL"},"content":{"rendered":"<p><strong>Gia s\u00fac, heo, ch\u00f3, m\u00e8o: <\/strong><\/p>\n<ul>\n<li>Gia s\u00fac c\u00e1i: t\u0103ng s\u1ea3n l\u01b0\u1ee3ng s\u1eefa v\u00e0 ph\u00f2ng ng\u1eeba h\u1ed9i ch\u1ee9ng MMA, s\u1ed1t s\u1eefa, tr\u00e1nh ki\u1ec7t s\u1ee9c tr\u01b0\u1edbc v\u00e0 sau khi \u0111\u1ebb.<\/li>\n<li>Gia s\u00fac \u0111\u1ef1c: t\u0103ng s\u1ed1 l\u01b0\u1ee3ng v\u00e0 ch\u1ea5t l\u01b0\u1ee3ng tinh d\u1ecbch cho \u0111\u1ef1c su\u1ed1t th\u1eddi k\u1ef3 khai th\u00e1c tinh.<\/li>\n<li>K\u00edch th\u00edch sinh tr\u01b0\u1edfng, gi\u1ea3m t\u00e1c h\u1ea1i c\u1ee7a stress, ph\u00f2ng r\u1ed1i lo\u1ea1n trao \u0111\u1ed5i ch\u1ea5t. T\u0103ng \u0111\u00e1p \u1ee9ng mi\u1ec5n d\u1ecbch v\u00e0 hi\u1ec7u qu\u1ea3 tr\u1ecb \u0111i\u1ec1u tr\u1ecb b\u1ec7nh.<\/li>\n<\/ul>\n<p><strong>Gia c\u1ea7m:\u00a0<\/strong>gi\u00fap gi\u1ea3m t\u00e1c h\u1ea1i c\u1ee7a stress, gi\u1ea3m c\u1eafn m\u1ed5, t\u0103ng \u0111\u00e1p \u1ee9ng mi\u1ec5n d\u1ecbch, t\u0103ng s\u1ea3n l\u01b0\u1ee3ng tr\u1ee9ng, t\u0103ng t\u1ef7 l\u1ec7 \u1ea5p n\u1edf.<\/p>\n","protected":false},"excerpt":{"rendered":"<p>Gia s\u00fac, heo, ch\u00f3, m\u00e8o: Gia s\u00fac c\u00e1i: t\u0103ng s\u1ea3n l\u01b0\u1ee3ng s\u1eefa v\u00e0 ph\u00f2ng ng\u1eeba h\u1ed9i ch\u1ee9ng MMA, s\u1ed1t s\u1eefa, tr\u00e1nh ki\u1ec7t s\u1ee9c tr\u01b0\u1edbc v\u00e0 sau khi \u0111\u1ebb. Gia s\u00fac \u0111\u1ef1c: t\u0103ng s\u1ed1 l\u01b0\u1ee3ng v\u00e0 ch\u1ea5t l\u01b0\u1ee3ng tinh d\u1ecbch cho \u0111\u1ef1c su\u1ed1t th\u1eddi k\u1ef3 khai th\u00e1c tinh. K\u00edch th\u00edch sinh tr\u01b0\u1edfng, gi\u1ea3m t\u00e1c h\u1ea1i c\u1ee7a [&hellip;]<\/p>\n","protected":false},"featured_media":2891,"comment_status":"open","ping_status":"closed","template":"","meta":[],"product_cat":[26,76],"product_tag":[121],"class_list":{"0":"post-956","1":"product","2":"type-product","3":"status-publish","4":"has-post-thumbnail","6":"product_cat-dinh-duong-vitamin-premix","7":"product_cat-theo-danh-muc-san-pham","8":"product_tag-dd-tiem","9":"pa_package-100ml-vi","11":"first","12":"instock","13":"shipping-taxable","14":"product-type-variable"},"_links":{"self":[{"href":"http:\/\/goldenmed.vn\/vi\/wp-json\/wp\/v2\/product\/956"}],"collection":[{"href":"http:\/\/goldenmed.vn\/vi\/wp-json\/wp\/v2\/product"}],"about":[{"href":"http:\/\/goldenmed.vn\/vi\/wp-json\/wp\/v2\/types\/product"}],"replies":[{"embeddable":true,"href":"http:\/\/goldenmed.vn\/vi\/wp-json\/wp\/v2\/comments?post=956"}],"wp:featuredmedia":[{"embeddable":true,"href":"http:\/\/goldenmed.vn\/vi\/wp-json\/wp\/v2\/media\/2891"}],"wp:attachment":[{"href":"http:\/\/goldenmed.vn\/vi\/wp-json\/wp\/v2\/media?parent=956"}],"wp:term":[{"taxonomy":"product_cat","embeddable":true,"href":"http:\/\/goldenmed.vn\/vi\/wp-json\/wp\/v2\/product_cat?post=956"},{"taxonomy":"product_tag","embeddable":true,"href":"http:\/\/goldenmed.vn\/vi\/wp-json\/wp\/v2\/product_tag?post=956"}],"curies":[{"name":"wp","href":"https:\/\/api.w.org\/{rel}","templated":true}]}}